{"id":2438,"date":"2025-02-21T08:45:30","date_gmt":"2025-02-21T08:45:30","guid":{"rendered":"https:\/\/www.colonmontajes.com\/?post_type=product&#038;p=2438"},"modified":"2025-02-28T09:36:30","modified_gmt":"2025-02-28T09:36:30","slug":"exprimidor-de-zumo-auntomatico-medidas-360x240x490","status":"publish","type":"product","link":"https:\/\/www.colonmontajes.com\/index.php\/product\/exprimidor-de-zumo-auntomatico-medidas-360x240x490\/","title":{"rendered":"EXPRIMIDOR DE ZUMO AUNTOMATICO   MEDIDAS 360X240X490"},"content":{"rendered":"<p>\u2022 Un exprimidor de c\u00edtricos autom\u00e1tico para bar es una m\u00e1quina dise\u00f1ada para producir zumos<br \/>\nde forma r\u00e1pida y eficiente.<br \/>\n\u2022 Cuerpo: Fabricado en acero inoxidable, lo que garantiza durabilidad y facilita su limpieza.<br \/>\n\u2022 Capacidad: Procesa hasta 20 frutas por minuto, con un alimentador que soporta<br \/>\naproximadamente 3-4 kg de fruta.<br \/>\n\u2022 Tama\u00f1o de fruta: Compatible con c\u00edtricos de 55 a 80 mm de di\u00e1metro, como naranjas, limones,<br \/>\nlimas y peque\u00f1os pomelos.<br \/>\n\u2022 Sistema de funcionamiento: Totalmente autom\u00e1tico, con carga superior para frutas enteras y<br \/>\nsin pelar.<br \/>\n\u2022 Extracci\u00f3n: Separa la piel y los \u00e1cidos, obteniendo un zumo de alta calidad.<br \/>\n\u2022 Potencia: Equipado con un motor el\u00e9ctrico de 200 W.<br \/>\n\u2022 Caracter\u00edsticas adicionales:<br \/>\n\u2022 Cubierta transparente de policarbonato que protege los mecanismos.<br \/>\n\u2022 Doble dep\u00f3sito para recoger las c\u00e1scaras.<br \/>\n\u2022 Salida de zumo inferior con filtro integrado y bandeja antigoteo extra\u00edble para una limpieza<br \/>\nsencilla.<br \/>\n\u2022 Producci\u00f3n: Capaz de procesar hasta 20 naranjas por minuto.<br \/>\n\u2022 Este exprimidor es ideal para bares y restaurantes con una demanda media-alta de zumos,<br \/>\nofreciendo una soluci\u00f3n pr\u00e1ctica y eficaz para la preparaci\u00f3n de bebidas frescas.<\/p>\n<p>Compatible con c\u00edtricos de 55 a 80 mm de di\u00e1metro.<\/p>\n<p>Fabricado en acero inoxidable, lo que garantiza durabilidad y facilita su limpieza.<\/p>\n<p>Doble dep\u00f3sito para recoger las c\u00e1scaras.<\/p>\n<p>Ideal para bares y restaurantes con una demanda media-alta de zumos.<\/p>\n","protected":false},"excerpt":{"rendered":"<p>\u2022 Un exprimidor de c\u00edtricos autom\u00e1tico para bar es una m\u00e1quina dise\u00f1ada para producir zumos de forma r\u00e1pida y eficiente. \u2022 Cuerpo: Fabricado en acero inoxidable, lo que garantiza durabilidad y facilita su limpieza. \u2022 Capacidad: Procesa hasta 20 frutas por minuto, con un alimentador que soporta aproximadamente 3-4 kg de fruta. \u2022 Tama\u00f1o de fruta: Compatible con c\u00edtricos de 55 a 80 mm de di\u00e1metro, como naranjas, limones, limas y peque\u00f1os pomelos. \u2022 Sistema de funcionamiento: Totalmente autom\u00e1tico, con carga superior para frutas enteras y sin pelar. \u2022 Extracci\u00f3n: Separa la piel y los \u00e1cidos, obteniendo un zumo de alta calidad. \u2022 Potencia: Equipado con un motor el\u00e9ctrico de 200 W. \u2022 Caracter\u00edsticas adicionales: \u2022 Cubierta transparente de policarbonato que protege los mecanismos. \u2022 Doble dep\u00f3sito para recoger las c\u00e1scaras. \u2022 Salida de zumo inferior con filtro integrado y bandeja antigoteo extra\u00edble para una limpieza sencilla. \u2022 Producci\u00f3n: Capaz de procesar hasta 20 naranjas por minuto. \u2022 Este exprimidor es ideal para bares y restaurantes con una demanda media-alta de zumos, ofreciendo una soluci\u00f3n pr\u00e1ctica y eficaz para la preparaci\u00f3n de bebidas frescas. Compatible con c\u00edtricos de 55 a 80 mm de di\u00e1metro. Fabricado en acero inoxidable, lo que garantiza durabilidad y facilita su limpieza. Doble dep\u00f3sito para recoger las c\u00e1scaras. Ideal para bares y restaurantes con una demanda media-alta de zumos.<\/p>\n","protected":false},"featured_media":2439,"template":"","meta":[],"product_brand":[],"product_cat":[52,45],"product_tag":[51],"class_list":{"0":"post-2438","1":"product","2":"type-product","3":"status-publish","4":"has-post-thumbnail","6":"product_cat-ofertas","7":"product_cat-super-rebajado","8":"product_tag-economico","10":"first","11":"instock","12":"sale","13":"taxable","14":"shipping-taxable","15":"purchasable","16":"product-type-simple"},"yoast_head":"<!-- This site is optimized with the Yoast SEO plugin v25.4 - https:\/\/yoast.com\/wordpress\/plugins\/seo\/ -->\n<title>EXPRIMIDOR DE ZUMO AUNTOMATICO  MEDIDAS 360X240X490 - Col\u00f3n Montajes<\/title>\n<meta name=\"robots\" content=\"index, follow, max-snippet:-1, max-image-preview:large, max-video-preview:-1\" \/>\n<link rel=\"canonical\" href=\"https:\/\/www.colonmontajes.com\/index.php\/product\/exprimidor-de-zumo-auntomatico-medidas-360x240x490\/\" \/>\n<meta property=\"og:locale\" content=\"es_ES\" \/>\n<meta property=\"og:type\" content=\"article\" \/>\n<meta property=\"og:title\" content=\"EXPRIMIDOR DE ZUMO AUNTOMATICO  MEDIDAS 360X240X490 - Col\u00f3n Montajes\" \/>\n<meta property=\"og:description\" content=\"\u2022 Un exprimidor de c\u00edtricos autom\u00e1tico para bar es una m\u00e1quina dise\u00f1ada para producir zumos de forma r\u00e1pida y eficiente. \u2022 Cuerpo: Fabricado en acero inoxidable, lo que garantiza durabilidad y facilita su limpieza. \u2022 Capacidad: Procesa hasta 20 frutas por minuto, con un alimentador que soporta aproximadamente 3-4 kg de fruta. \u2022 Tama\u00f1o de fruta: Compatible con c\u00edtricos de 55 a 80 mm de di\u00e1metro, como naranjas, limones, limas y peque\u00f1os pomelos. \u2022 Sistema de funcionamiento: Totalmente autom\u00e1tico, con carga superior para frutas enteras y sin pelar. \u2022 Extracci\u00f3n: Separa la piel y los \u00e1cidos, obteniendo un zumo de alta calidad. \u2022 Potencia: Equipado con un motor el\u00e9ctrico de 200 W. \u2022 Caracter\u00edsticas adicionales: \u2022 Cubierta transparente de policarbonato que protege los mecanismos. \u2022 Doble dep\u00f3sito para recoger las c\u00e1scaras. \u2022 Salida de zumo inferior con filtro integrado y bandeja antigoteo extra\u00edble para una limpieza sencilla. \u2022 Producci\u00f3n: Capaz de procesar hasta 20 naranjas por minuto. \u2022 Este exprimidor es ideal para bares y restaurantes con una demanda media-alta de zumos, ofreciendo una soluci\u00f3n pr\u00e1ctica y eficaz para la preparaci\u00f3n de bebidas frescas. Compatible con c\u00edtricos de 55 a 80 mm de di\u00e1metro. Fabricado en acero inoxidable, lo que garantiza durabilidad y facilita su limpieza. Doble dep\u00f3sito para recoger las c\u00e1scaras. Ideal para bares y restaurantes con una demanda media-alta de zumos.\" \/>\n<meta property=\"og:url\" content=\"https:\/\/www.colonmontajes.com\/index.php\/product\/exprimidor-de-zumo-auntomatico-medidas-360x240x490\/\" \/>\n<meta property=\"og:site_name\" content=\"Col\u00f3n Montajes\" \/>\n<meta property=\"article:modified_time\" content=\"2025-02-28T09:36:30+00:00\" \/>\n<meta property=\"og:image\" content=\"https:\/\/www.colonmontajes.com\/wp-content\/uploads\/2025\/02\/EXPRIMIDOR-DE-ZUMO-AUTOMATICO.jpg\" \/>\n\t<meta property=\"og:image:width\" content=\"319\" \/>\n\t<meta property=\"og:image:height\" content=\"532\" \/>\n\t<meta property=\"og:image:type\" content=\"image\/jpeg\" \/>\n<meta name=\"twitter:card\" content=\"summary_large_image\" \/>\n<meta name=\"twitter:label1\" content=\"Tiempo de lectura\" \/>\n\t<meta name=\"twitter:data1\" content=\"1 minuto\" \/>\n<script type=\"application\/ld+json\" class=\"yoast-schema-graph\">{\"@context\":\"https:\/\/schema.org\",\"@graph\":[{\"@type\":\"WebPage\",\"@id\":\"https:\/\/www.colonmontajes.com\/index.php\/product\/exprimidor-de-zumo-auntomatico-medidas-360x240x490\/\",\"url\":\"https:\/\/www.colonmontajes.com\/index.php\/product\/exprimidor-de-zumo-auntomatico-medidas-360x240x490\/\",\"name\":\"EXPRIMIDOR DE ZUMO AUNTOMATICO MEDIDAS 360X240X490 - Col\u00f3n Montajes\",\"isPartOf\":{\"@id\":\"https:\/\/www.colonmontajes.com\/#website\"},\"primaryImageOfPage\":{\"@id\":\"https:\/\/www.colonmontajes.com\/index.php\/product\/exprimidor-de-zumo-auntomatico-medidas-360x240x490\/#primaryimage\"},\"image\":{\"@id\":\"https:\/\/www.colonmontajes.com\/index.php\/product\/exprimidor-de-zumo-auntomatico-medidas-360x240x490\/#primaryimage\"},\"thumbnailUrl\":\"https:\/\/www.colonmontajes.com\/wp-content\/uploads\/2025\/02\/EXPRIMIDOR-DE-ZUMO-AUTOMATICO.jpg\",\"datePublished\":\"2025-02-21T08:45:30+00:00\",\"dateModified\":\"2025-02-28T09:36:30+00:00\",\"breadcrumb\":{\"@id\":\"https:\/\/www.colonmontajes.com\/index.php\/product\/exprimidor-de-zumo-auntomatico-medidas-360x240x490\/#breadcrumb\"},\"inLanguage\":\"es\",\"potentialAction\":[{\"@type\":\"ReadAction\",\"target\":[\"https:\/\/www.colonmontajes.com\/index.php\/product\/exprimidor-de-zumo-auntomatico-medidas-360x240x490\/\"]}]},{\"@type\":\"ImageObject\",\"inLanguage\":\"es\",\"@id\":\"https:\/\/www.colonmontajes.com\/index.php\/product\/exprimidor-de-zumo-auntomatico-medidas-360x240x490\/#primaryimage\",\"url\":\"https:\/\/www.colonmontajes.com\/wp-content\/uploads\/2025\/02\/EXPRIMIDOR-DE-ZUMO-AUTOMATICO.jpg\",\"contentUrl\":\"https:\/\/www.colonmontajes.com\/wp-content\/uploads\/2025\/02\/EXPRIMIDOR-DE-ZUMO-AUTOMATICO.jpg\",\"width\":319,\"height\":532},{\"@type\":\"BreadcrumbList\",\"@id\":\"https:\/\/www.colonmontajes.com\/index.php\/product\/exprimidor-de-zumo-auntomatico-medidas-360x240x490\/#breadcrumb\",\"itemListElement\":[{\"@type\":\"ListItem\",\"position\":1,\"name\":\"Portada\",\"item\":\"https:\/\/www.colonmontajes.com\/\"},{\"@type\":\"ListItem\",\"position\":2,\"name\":\"Tienda\",\"item\":\"https:\/\/www.colonmontajes.com\/index.php\/tienda\/\"},{\"@type\":\"ListItem\",\"position\":3,\"name\":\"EXPRIMIDOR DE ZUMO AUNTOMATICO MEDIDAS 360X240X490\"}]},{\"@type\":\"WebSite\",\"@id\":\"https:\/\/www.colonmontajes.com\/#website\",\"url\":\"https:\/\/www.colonmontajes.com\/\",\"name\":\"Col\u00f3n Montajes\",\"description\":\"Expertos en equipamiento de maquinaria de hosteler\u00eda\",\"potentialAction\":[{\"@type\":\"SearchAction\",\"target\":{\"@type\":\"EntryPoint\",\"urlTemplate\":\"https:\/\/www.colonmontajes.com\/?s={search_term_string}\"},\"query-input\":{\"@type\":\"PropertyValueSpecification\",\"valueRequired\":true,\"valueName\":\"search_term_string\"}}],\"inLanguage\":\"es\"}]}<\/script>\n<!-- \/ Yoast SEO plugin. -->","yoast_head_json":{"title":"EXPRIMIDOR DE ZUMO AUNTOMATICO  MEDIDAS 360X240X490 - Col\u00f3n Montajes","robots":{"index":"index","follow":"follow","max-snippet":"max-snippet:-1","max-image-preview":"max-image-preview:large","max-video-preview":"max-video-preview:-1"},"canonical":"https:\/\/www.colonmontajes.com\/index.php\/product\/exprimidor-de-zumo-auntomatico-medidas-360x240x490\/","og_locale":"es_ES","og_type":"article","og_title":"EXPRIMIDOR DE ZUMO AUNTOMATICO  MEDIDAS 360X240X490 - Col\u00f3n Montajes","og_description":"\u2022 Un exprimidor de c\u00edtricos autom\u00e1tico para bar es una m\u00e1quina dise\u00f1ada para producir zumos de forma r\u00e1pida y eficiente. \u2022 Cuerpo: Fabricado en acero inoxidable, lo que garantiza durabilidad y facilita su limpieza. \u2022 Capacidad: Procesa hasta 20 frutas por minuto, con un alimentador que soporta aproximadamente 3-4 kg de fruta. \u2022 Tama\u00f1o de fruta: Compatible con c\u00edtricos de 55 a 80 mm de di\u00e1metro, como naranjas, limones, limas y peque\u00f1os pomelos. \u2022 Sistema de funcionamiento: Totalmente autom\u00e1tico, con carga superior para frutas enteras y sin pelar. \u2022 Extracci\u00f3n: Separa la piel y los \u00e1cidos, obteniendo un zumo de alta calidad. \u2022 Potencia: Equipado con un motor el\u00e9ctrico de 200 W. \u2022 Caracter\u00edsticas adicionales: \u2022 Cubierta transparente de policarbonato que protege los mecanismos. \u2022 Doble dep\u00f3sito para recoger las c\u00e1scaras. \u2022 Salida de zumo inferior con filtro integrado y bandeja antigoteo extra\u00edble para una limpieza sencilla. \u2022 Producci\u00f3n: Capaz de procesar hasta 20 naranjas por minuto. \u2022 Este exprimidor es ideal para bares y restaurantes con una demanda media-alta de zumos, ofreciendo una soluci\u00f3n pr\u00e1ctica y eficaz para la preparaci\u00f3n de bebidas frescas. Compatible con c\u00edtricos de 55 a 80 mm de di\u00e1metro. Fabricado en acero inoxidable, lo que garantiza durabilidad y facilita su limpieza. Doble dep\u00f3sito para recoger las c\u00e1scaras. Ideal para bares y restaurantes con una demanda media-alta de zumos.","og_url":"https:\/\/www.colonmontajes.com\/index.php\/product\/exprimidor-de-zumo-auntomatico-medidas-360x240x490\/","og_site_name":"Col\u00f3n Montajes","article_modified_time":"2025-02-28T09:36:30+00:00","og_image":[{"width":319,"height":532,"url":"https:\/\/www.colonmontajes.com\/wp-content\/uploads\/2025\/02\/EXPRIMIDOR-DE-ZUMO-AUTOMATICO.jpg","type":"image\/jpeg"}],"twitter_card":"summary_large_image","twitter_misc":{"Tiempo de lectura":"1 minuto"},"schema":{"@context":"https:\/\/schema.org","@graph":[{"@type":"WebPage","@id":"https:\/\/www.colonmontajes.com\/index.php\/product\/exprimidor-de-zumo-auntomatico-medidas-360x240x490\/","url":"https:\/\/www.colonmontajes.com\/index.php\/product\/exprimidor-de-zumo-auntomatico-medidas-360x240x490\/","name":"EXPRIMIDOR DE ZUMO AUNTOMATICO MEDIDAS 360X240X490 - Col\u00f3n Montajes","isPartOf":{"@id":"https:\/\/www.colonmontajes.com\/#website"},"primaryImageOfPage":{"@id":"https:\/\/www.colonmontajes.com\/index.php\/product\/exprimidor-de-zumo-auntomatico-medidas-360x240x490\/#primaryimage"},"image":{"@id":"https:\/\/www.colonmontajes.com\/index.php\/product\/exprimidor-de-zumo-auntomatico-medidas-360x240x490\/#primaryimage"},"thumbnailUrl":"https:\/\/www.colonmontajes.com\/wp-content\/uploads\/2025\/02\/EXPRIMIDOR-DE-ZUMO-AUTOMATICO.jpg","datePublished":"2025-02-21T08:45:30+00:00","dateModified":"2025-02-28T09:36:30+00:00","breadcrumb":{"@id":"https:\/\/www.colonmontajes.com\/index.php\/product\/exprimidor-de-zumo-auntomatico-medidas-360x240x490\/#breadcrumb"},"inLanguage":"es","potentialAction":[{"@type":"ReadAction","target":["https:\/\/www.colonmontajes.com\/index.php\/product\/exprimidor-de-zumo-auntomatico-medidas-360x240x490\/"]}]},{"@type":"ImageObject","inLanguage":"es","@id":"https:\/\/www.colonmontajes.com\/index.php\/product\/exprimidor-de-zumo-auntomatico-medidas-360x240x490\/#primaryimage","url":"https:\/\/www.colonmontajes.com\/wp-content\/uploads\/2025\/02\/EXPRIMIDOR-DE-ZUMO-AUTOMATICO.jpg","contentUrl":"https:\/\/www.colonmontajes.com\/wp-content\/uploads\/2025\/02\/EXPRIMIDOR-DE-ZUMO-AUTOMATICO.jpg","width":319,"height":532},{"@type":"BreadcrumbList","@id":"https:\/\/www.colonmontajes.com\/index.php\/product\/exprimidor-de-zumo-auntomatico-medidas-360x240x490\/#breadcrumb","itemListElement":[{"@type":"ListItem","position":1,"name":"Portada","item":"https:\/\/www.colonmontajes.com\/"},{"@type":"ListItem","position":2,"name":"Tienda","item":"https:\/\/www.colonmontajes.com\/index.php\/tienda\/"},{"@type":"ListItem","position":3,"name":"EXPRIMIDOR DE ZUMO AUNTOMATICO MEDIDAS 360X240X490"}]},{"@type":"WebSite","@id":"https:\/\/www.colonmontajes.com\/#website","url":"https:\/\/www.colonmontajes.com\/","name":"Col\u00f3n Montajes","description":"Expertos en equipamiento de maquinaria de hosteler\u00eda","potentialAction":[{"@type":"SearchAction","target":{"@type":"EntryPoint","urlTemplate":"https:\/\/www.colonmontajes.com\/?s={search_term_string}"},"query-input":{"@type":"PropertyValueSpecification","valueRequired":true,"valueName":"search_term_string"}}],"inLanguage":"es"}]}},"_links":{"self":[{"href":"https:\/\/www.colonmontajes.com\/index.php\/wp-json\/wp\/v2\/product\/2438","targetHints":{"allow":["GET"]}}],"collection":[{"href":"https:\/\/www.colonmontajes.com\/index.php\/wp-json\/wp\/v2\/product"}],"about":[{"href":"https:\/\/www.colonmontajes.com\/index.php\/wp-json\/wp\/v2\/types\/product"}],"wp:featuredmedia":[{"embeddable":true,"href":"https:\/\/www.colonmontajes.com\/index.php\/wp-json\/wp\/v2\/media\/2439"}],"wp:attachment":[{"href":"https:\/\/www.colonmontajes.com\/index.php\/wp-json\/wp\/v2\/media?parent=2438"}],"wp:term":[{"taxonomy":"product_brand","embeddable":true,"href":"https:\/\/www.colonmontajes.com\/index.php\/wp-json\/wp\/v2\/product_brand?post=2438"},{"taxonomy":"product_cat","embeddable":true,"href":"https:\/\/www.colonmontajes.com\/index.php\/wp-json\/wp\/v2\/product_cat?post=2438"},{"taxonomy":"product_tag","embeddable":true,"href":"https:\/\/www.colonmontajes.com\/index.php\/wp-json\/wp\/v2\/product_tag?post=2438"}],"curies":[{"name":"wp","href":"https:\/\/api.w.org\/{rel}","templated":true}]}}