{"id":2392,"date":"2025-02-14T12:02:28","date_gmt":"2025-02-14T12:02:28","guid":{"rendered":"https:\/\/www.colonmontajes.com\/?post_type=product&#038;p=2392"},"modified":"2025-02-14T12:10:09","modified_gmt":"2025-02-14T12:10:09","slug":"freidora-electrica-doble-4lx2-490x380x315mm","status":"publish","type":"product","link":"https:\/\/www.colonmontajes.com\/index.php\/product\/freidora-electrica-doble-4lx2-490x380x315mm\/","title":{"rendered":"FREIDORA ELECTRICA DOBLE 4LX2   490x380x315mm"},"content":{"rendered":"<p>Caracter\u00edsticas<\/p>\n<p>&nbsp;<\/p>\n<ul class=\"fusion-checklist fusion-checklist-1 fusion-checklist-default type-icons\">\n<li class=\"fusion-li-item\"><i class=\"fusion-li-icon fa fa-check\" aria-hidden=\"true\"><\/i>\n<div class=\"fusion-li-item-content\">Capacidad: 4\u00d72 Litros<\/div>\n<\/li>\n<li class=\"fusion-li-item\"><i class=\"fusion-li-icon fa fa-check\" aria-hidden=\"true\"><\/i>\n<div class=\"fusion-li-item-content\">Dise\u00f1o compacto<\/div>\n<\/li>\n<li class=\"fusion-li-item\"><i class=\"fusion-li-icon fa fa-check\" aria-hidden=\"true\"><\/i>\n<div class=\"fusion-li-item-content\">F\u00e1cil limpieza<\/div>\n<\/li>\n<li class=\"fusion-li-item\"><i class=\"fusion-li-icon fa fa-check\" aria-hidden=\"true\"><\/i>\n<div class=\"fusion-li-item-content\">Durabilidad excepcional<\/div>\n<\/li>\n<li class=\"fusion-li-item\"><i class=\"fusion-li-icon fa fa-check\" aria-hidden=\"true\"><\/i>\n<div class=\"fusion-li-item-content\">Cumple con todas las normativas europeas garantizando seguridad y una calidad superior<\/div>\n<\/li>\n<li>Voltaje 220-240\/50\/1<\/li>\n<li>Potencia 2&#215;2,5w<\/li>\n<li>peso neto 10,3<\/li>\n<\/ul>\n","protected":false},"excerpt":{"rendered":"<p>Caracter\u00edsticas &nbsp; Capacidad: 4\u00d72 Litros Dise\u00f1o compacto F\u00e1cil limpieza Durabilidad excepcional Cumple con todas las normativas europeas garantizando seguridad y una calidad superior Voltaje 220-240\/50\/1 Potencia 2&#215;2,5w peso neto 10,3<\/p>\n","protected":false},"featured_media":2393,"template":"","meta":[],"product_brand":[],"product_cat":[52,35,45],"product_tag":[],"class_list":{"0":"post-2392","1":"product","2":"type-product","3":"status-publish","4":"has-post-thumbnail","6":"product_cat-ofertas","7":"product_cat-freidoras","8":"product_cat-super-rebajado","10":"first","11":"instock","12":"sale","13":"taxable","14":"shipping-taxable","15":"purchasable","16":"product-type-simple"},"yoast_head":"<!-- This site is optimized with the Yoast SEO plugin v25.4 - https:\/\/yoast.com\/wordpress\/plugins\/seo\/ -->\n<title>FREIDORA ELECTRICA DOBLE 4LX2  490x380x315mm - Col\u00f3n Montajes<\/title>\n<meta name=\"robots\" content=\"index, follow, max-snippet:-1, max-image-preview:large, max-video-preview:-1\" \/>\n<link rel=\"canonical\" href=\"https:\/\/www.colonmontajes.com\/index.php\/product\/freidora-electrica-doble-4lx2-490x380x315mm\/\" \/>\n<meta property=\"og:locale\" content=\"es_ES\" \/>\n<meta property=\"og:type\" content=\"article\" \/>\n<meta property=\"og:title\" content=\"FREIDORA ELECTRICA DOBLE 4LX2  490x380x315mm - Col\u00f3n Montajes\" \/>\n<meta property=\"og:description\" content=\"Caracter\u00edsticas &nbsp; Capacidad: 4\u00d72 Litros Dise\u00f1o compacto F\u00e1cil limpieza Durabilidad excepcional Cumple con todas las normativas europeas garantizando seguridad y una calidad superior Voltaje 220-240\/50\/1 Potencia 2&#215;2,5w peso neto 10,3\" \/>\n<meta property=\"og:url\" content=\"https:\/\/www.colonmontajes.com\/index.php\/product\/freidora-electrica-doble-4lx2-490x380x315mm\/\" \/>\n<meta property=\"og:site_name\" content=\"Col\u00f3n Montajes\" \/>\n<meta property=\"article:modified_time\" content=\"2025-02-14T12:10:09+00:00\" \/>\n<meta property=\"og:image\" content=\"https:\/\/www.colonmontajes.com\/wp-content\/uploads\/2025\/02\/FREIDORA-ELECTRICA-DOBLE-4Lx2.jpg\" \/>\n\t<meta property=\"og:image:width\" content=\"547\" \/>\n\t<meta property=\"og:image:height\" content=\"431\" \/>\n\t<meta property=\"og:image:type\" content=\"image\/jpeg\" \/>\n<meta name=\"twitter:card\" content=\"summary_large_image\" \/>\n<script type=\"application\/ld+json\" class=\"yoast-schema-graph\">{\"@context\":\"https:\/\/schema.org\",\"@graph\":[{\"@type\":\"WebPage\",\"@id\":\"https:\/\/www.colonmontajes.com\/index.php\/product\/freidora-electrica-doble-4lx2-490x380x315mm\/\",\"url\":\"https:\/\/www.colonmontajes.com\/index.php\/product\/freidora-electrica-doble-4lx2-490x380x315mm\/\",\"name\":\"FREIDORA ELECTRICA DOBLE 4LX2 490x380x315mm - Col\u00f3n Montajes\",\"isPartOf\":{\"@id\":\"https:\/\/www.colonmontajes.com\/#website\"},\"primaryImageOfPage\":{\"@id\":\"https:\/\/www.colonmontajes.com\/index.php\/product\/freidora-electrica-doble-4lx2-490x380x315mm\/#primaryimage\"},\"image\":{\"@id\":\"https:\/\/www.colonmontajes.com\/index.php\/product\/freidora-electrica-doble-4lx2-490x380x315mm\/#primaryimage\"},\"thumbnailUrl\":\"https:\/\/www.colonmontajes.com\/wp-content\/uploads\/2025\/02\/FREIDORA-ELECTRICA-DOBLE-4Lx2.jpg\",\"datePublished\":\"2025-02-14T12:02:28+00:00\",\"dateModified\":\"2025-02-14T12:10:09+00:00\",\"breadcrumb\":{\"@id\":\"https:\/\/www.colonmontajes.com\/index.php\/product\/freidora-electrica-doble-4lx2-490x380x315mm\/#breadcrumb\"},\"inLanguage\":\"es\",\"potentialAction\":[{\"@type\":\"ReadAction\",\"target\":[\"https:\/\/www.colonmontajes.com\/index.php\/product\/freidora-electrica-doble-4lx2-490x380x315mm\/\"]}]},{\"@type\":\"ImageObject\",\"inLanguage\":\"es\",\"@id\":\"https:\/\/www.colonmontajes.com\/index.php\/product\/freidora-electrica-doble-4lx2-490x380x315mm\/#primaryimage\",\"url\":\"https:\/\/www.colonmontajes.com\/wp-content\/uploads\/2025\/02\/FREIDORA-ELECTRICA-DOBLE-4Lx2.jpg\",\"contentUrl\":\"https:\/\/www.colonmontajes.com\/wp-content\/uploads\/2025\/02\/FREIDORA-ELECTRICA-DOBLE-4Lx2.jpg\",\"width\":547,\"height\":431},{\"@type\":\"BreadcrumbList\",\"@id\":\"https:\/\/www.colonmontajes.com\/index.php\/product\/freidora-electrica-doble-4lx2-490x380x315mm\/#breadcrumb\",\"itemListElement\":[{\"@type\":\"ListItem\",\"position\":1,\"name\":\"Portada\",\"item\":\"https:\/\/www.colonmontajes.com\/\"},{\"@type\":\"ListItem\",\"position\":2,\"name\":\"Tienda\",\"item\":\"https:\/\/www.colonmontajes.com\/index.php\/tienda\/\"},{\"@type\":\"ListItem\",\"position\":3,\"name\":\"FREIDORA ELECTRICA DOBLE 4LX2 490x380x315mm\"}]},{\"@type\":\"WebSite\",\"@id\":\"https:\/\/www.colonmontajes.com\/#website\",\"url\":\"https:\/\/www.colonmontajes.com\/\",\"name\":\"Col\u00f3n Montajes\",\"description\":\"Expertos en equipamiento de maquinaria de hosteler\u00eda\",\"potentialAction\":[{\"@type\":\"SearchAction\",\"target\":{\"@type\":\"EntryPoint\",\"urlTemplate\":\"https:\/\/www.colonmontajes.com\/?s={search_term_string}\"},\"query-input\":{\"@type\":\"PropertyValueSpecification\",\"valueRequired\":true,\"valueName\":\"search_term_string\"}}],\"inLanguage\":\"es\"}]}<\/script>\n<!-- \/ Yoast SEO plugin. -->","yoast_head_json":{"title":"FREIDORA ELECTRICA DOBLE 4LX2  490x380x315mm - Col\u00f3n Montajes","robots":{"index":"index","follow":"follow","max-snippet":"max-snippet:-1","max-image-preview":"max-image-preview:large","max-video-preview":"max-video-preview:-1"},"canonical":"https:\/\/www.colonmontajes.com\/index.php\/product\/freidora-electrica-doble-4lx2-490x380x315mm\/","og_locale":"es_ES","og_type":"article","og_title":"FREIDORA ELECTRICA DOBLE 4LX2  490x380x315mm - Col\u00f3n Montajes","og_description":"Caracter\u00edsticas &nbsp; Capacidad: 4\u00d72 Litros Dise\u00f1o compacto F\u00e1cil limpieza Durabilidad excepcional Cumple con todas las normativas europeas garantizando seguridad y una calidad superior Voltaje 220-240\/50\/1 Potencia 2&#215;2,5w peso neto 10,3","og_url":"https:\/\/www.colonmontajes.com\/index.php\/product\/freidora-electrica-doble-4lx2-490x380x315mm\/","og_site_name":"Col\u00f3n Montajes","article_modified_time":"2025-02-14T12:10:09+00:00","og_image":[{"width":547,"height":431,"url":"https:\/\/www.colonmontajes.com\/wp-content\/uploads\/2025\/02\/FREIDORA-ELECTRICA-DOBLE-4Lx2.jpg","type":"image\/jpeg"}],"twitter_card":"summary_large_image","schema":{"@context":"https:\/\/schema.org","@graph":[{"@type":"WebPage","@id":"https:\/\/www.colonmontajes.com\/index.php\/product\/freidora-electrica-doble-4lx2-490x380x315mm\/","url":"https:\/\/www.colonmontajes.com\/index.php\/product\/freidora-electrica-doble-4lx2-490x380x315mm\/","name":"FREIDORA ELECTRICA DOBLE 4LX2 490x380x315mm - Col\u00f3n Montajes","isPartOf":{"@id":"https:\/\/www.colonmontajes.com\/#website"},"primaryImageOfPage":{"@id":"https:\/\/www.colonmontajes.com\/index.php\/product\/freidora-electrica-doble-4lx2-490x380x315mm\/#primaryimage"},"image":{"@id":"https:\/\/www.colonmontajes.com\/index.php\/product\/freidora-electrica-doble-4lx2-490x380x315mm\/#primaryimage"},"thumbnailUrl":"https:\/\/www.colonmontajes.com\/wp-content\/uploads\/2025\/02\/FREIDORA-ELECTRICA-DOBLE-4Lx2.jpg","datePublished":"2025-02-14T12:02:28+00:00","dateModified":"2025-02-14T12:10:09+00:00","breadcrumb":{"@id":"https:\/\/www.colonmontajes.com\/index.php\/product\/freidora-electrica-doble-4lx2-490x380x315mm\/#breadcrumb"},"inLanguage":"es","potentialAction":[{"@type":"ReadAction","target":["https:\/\/www.colonmontajes.com\/index.php\/product\/freidora-electrica-doble-4lx2-490x380x315mm\/"]}]},{"@type":"ImageObject","inLanguage":"es","@id":"https:\/\/www.colonmontajes.com\/index.php\/product\/freidora-electrica-doble-4lx2-490x380x315mm\/#primaryimage","url":"https:\/\/www.colonmontajes.com\/wp-content\/uploads\/2025\/02\/FREIDORA-ELECTRICA-DOBLE-4Lx2.jpg","contentUrl":"https:\/\/www.colonmontajes.com\/wp-content\/uploads\/2025\/02\/FREIDORA-ELECTRICA-DOBLE-4Lx2.jpg","width":547,"height":431},{"@type":"BreadcrumbList","@id":"https:\/\/www.colonmontajes.com\/index.php\/product\/freidora-electrica-doble-4lx2-490x380x315mm\/#breadcrumb","itemListElement":[{"@type":"ListItem","position":1,"name":"Portada","item":"https:\/\/www.colonmontajes.com\/"},{"@type":"ListItem","position":2,"name":"Tienda","item":"https:\/\/www.colonmontajes.com\/index.php\/tienda\/"},{"@type":"ListItem","position":3,"name":"FREIDORA ELECTRICA DOBLE 4LX2 490x380x315mm"}]},{"@type":"WebSite","@id":"https:\/\/www.colonmontajes.com\/#website","url":"https:\/\/www.colonmontajes.com\/","name":"Col\u00f3n Montajes","description":"Expertos en equipamiento de maquinaria de hosteler\u00eda","potentialAction":[{"@type":"SearchAction","target":{"@type":"EntryPoint","urlTemplate":"https:\/\/www.colonmontajes.com\/?s={search_term_string}"},"query-input":{"@type":"PropertyValueSpecification","valueRequired":true,"valueName":"search_term_string"}}],"inLanguage":"es"}]}},"_links":{"self":[{"href":"https:\/\/www.colonmontajes.com\/index.php\/wp-json\/wp\/v2\/product\/2392","targetHints":{"allow":["GET"]}}],"collection":[{"href":"https:\/\/www.colonmontajes.com\/index.php\/wp-json\/wp\/v2\/product"}],"about":[{"href":"https:\/\/www.colonmontajes.com\/index.php\/wp-json\/wp\/v2\/types\/product"}],"wp:featuredmedia":[{"embeddable":true,"href":"https:\/\/www.colonmontajes.com\/index.php\/wp-json\/wp\/v2\/media\/2393"}],"wp:attachment":[{"href":"https:\/\/www.colonmontajes.com\/index.php\/wp-json\/wp\/v2\/media?parent=2392"}],"wp:term":[{"taxonomy":"product_brand","embeddable":true,"href":"https:\/\/www.colonmontajes.com\/index.php\/wp-json\/wp\/v2\/product_brand?post=2392"},{"taxonomy":"product_cat","embeddable":true,"href":"https:\/\/www.colonmontajes.com\/index.php\/wp-json\/wp\/v2\/product_cat?post=2392"},{"taxonomy":"product_tag","embeddable":true,"href":"https:\/\/www.colonmontajes.com\/index.php\/wp-json\/wp\/v2\/product_tag?post=2392"}],"curies":[{"name":"wp","href":"https:\/\/api.w.org\/{rel}","templated":true}]}}