{"id":2370,"date":"2025-02-12T10:19:04","date_gmt":"2025-02-12T10:19:04","guid":{"rendered":"https:\/\/www.colonmontajes.com\/?post_type=product&#038;p=2370"},"modified":"2025-02-12T10:22:43","modified_gmt":"2025-02-12T10:22:43","slug":"armario-conservacion-puerta-blanca-600x650x1730mm","status":"publish","type":"product","link":"https:\/\/www.colonmontajes.com\/index.php\/product\/armario-conservacion-puerta-blanca-600x650x1730mm\/","title":{"rendered":"ARMARIO CONSERVACION PUERTA BLANCA ECONOMICO  600x650x1730mm"},"content":{"rendered":"<h2>Caracter\u00edsticas T\u00e9cnicas<\/h2>\n<p>\u2022 Fabricaci\u00f3n Europea de alta calidad.<\/p>\n<p>\u2022 Ideales para instalar en espacios de acceso complicado.<\/p>\n<p>\u2022 Est\u00e9tica plana.<\/p>\n<p>\u2022 Fabricaci\u00f3n interior en poliestireno termoconformado de calidad alimentaria.<\/p>\n<p>\u2022 Puertas reversibles.<\/p>\n<p>\u2022 Patas con regulaci\u00f3n de altura.<\/p>\n<p>\u2022 Aislamiento de poliuretano inyectado libre de CFC&#8217;s.<\/p>\n<p>\u2022 C\u00e1mara con ventilador de apoyo.<\/p>\n<p>\u2022 Termostato anal\u00f3gico regulable.<\/p>\n<p>\u2022 Term\u00f3metro digital en la puerta.<\/p>\n<p>\u2022 6 niveles de estantes para una buena optimizaci\u00f3n del espacio.<\/p>\n<p>\u2022 Desescarche manual en congelaci\u00f3n y autom\u00e1tico en refrigeraci\u00f3n.<\/p>\n<p>\u2022 Evaporador ventilado en refrigeraci\u00f3n y est\u00e1tico en congelaci\u00f3n.<\/p>\n<p>\u2022 Estantes extra\u00edbles en refrigeraci\u00f3n y fijos en congelaci\u00f3n.<\/p>\n<p>\u2022 Puerta cierre autom\u00e1tico.<\/p>\n<p>\u2022 Gas refrigerante ecol\u00f3gico R600a.<\/p>\n<p>\u2022 Clase clim\u00e1tica 4.<\/p>\n<p>&nbsp;<\/p>\n<h2>Datos T\u00e9cnicos<\/h2>\n<p>\u2022 Acabado: Blanco<\/p>\n<p>\u2022 Capacidad: 333 litros<\/p>\n<p>\u2022 Temperatura: +1 \/ +12 (\u00b0C)<\/p>\n<p>\u2022 Potencia: 220 W<\/p>\n<p>\u2022 Consumo: 467 (kWh\/A\u00f1o)<\/p>\n<p>\u2022 Clase energ\u00e9tica: C<\/p>\n<p>\u2022 Dimensiones: 600x650x1730 (AxFxH) mm<\/p>\n","protected":false},"excerpt":{"rendered":"<p>Caracter\u00edsticas T\u00e9cnicas \u2022 Fabricaci\u00f3n Europea de alta calidad. \u2022 Ideales para instalar en espacios de acceso complicado. \u2022 Est\u00e9tica plana. \u2022 Fabricaci\u00f3n interior en poliestireno termoconformado de calidad alimentaria. \u2022 Puertas reversibles. \u2022 Patas con regulaci\u00f3n de altura. \u2022 Aislamiento de poliuretano inyectado libre de CFC&#8217;s. \u2022 C\u00e1mara con ventilador de apoyo. \u2022 Termostato anal\u00f3gico regulable. \u2022 Term\u00f3metro digital en la puerta. \u2022 6 niveles de estantes para una buena optimizaci\u00f3n del espacio. \u2022 Desescarche manual en congelaci\u00f3n y autom\u00e1tico en refrigeraci\u00f3n. \u2022 Evaporador ventilado en refrigeraci\u00f3n y est\u00e1tico en congelaci\u00f3n. \u2022 Estantes extra\u00edbles en refrigeraci\u00f3n y fijos en congelaci\u00f3n. \u2022 Puerta cierre autom\u00e1tico. \u2022 Gas refrigerante ecol\u00f3gico R600a. \u2022 Clase clim\u00e1tica 4. &nbsp; Datos T\u00e9cnicos \u2022 Acabado: Blanco \u2022 Capacidad: 333 litros \u2022 Temperatura: +1 \/ +12 (\u00b0C) \u2022 Potencia: 220 W \u2022 Consumo: 467 (kWh\/A\u00f1o) \u2022 Clase energ\u00e9tica: C \u2022 Dimensiones: 600x650x1730 (AxFxH) mm<\/p>\n","protected":false},"featured_media":2371,"template":"","meta":[],"product_brand":[],"product_cat":[52,34,45],"product_tag":[51],"class_list":{"0":"post-2370","1":"product","2":"type-product","3":"status-publish","4":"has-post-thumbnail","6":"product_cat-ofertas","7":"product_cat-frio-comercial","8":"product_cat-super-rebajado","9":"product_tag-economico","11":"first","12":"instock","13":"sale","14":"taxable","15":"shipping-taxable","16":"purchasable","17":"product-type-simple"},"yoast_head":"<!-- This site is optimized with the Yoast SEO plugin v25.4 - https:\/\/yoast.com\/wordpress\/plugins\/seo\/ -->\n<title>ARMARIO CONSERVACION PUERTA BLANCA ECONOMICO 600x650x1730mm - Col\u00f3n Montajes<\/title>\n<meta name=\"robots\" content=\"index, follow, max-snippet:-1, max-image-preview:large, max-video-preview:-1\" \/>\n<link rel=\"canonical\" href=\"https:\/\/www.colonmontajes.com\/index.php\/product\/armario-conservacion-puerta-blanca-600x650x1730mm\/\" \/>\n<meta property=\"og:locale\" content=\"es_ES\" \/>\n<meta property=\"og:type\" content=\"article\" \/>\n<meta property=\"og:title\" content=\"ARMARIO CONSERVACION PUERTA BLANCA ECONOMICO 600x650x1730mm - Col\u00f3n Montajes\" \/>\n<meta property=\"og:description\" content=\"Caracter\u00edsticas T\u00e9cnicas \u2022 Fabricaci\u00f3n Europea de alta calidad. \u2022 Ideales para instalar en espacios de acceso complicado. \u2022 Est\u00e9tica plana. \u2022 Fabricaci\u00f3n interior en poliestireno termoconformado de calidad alimentaria. \u2022 Puertas reversibles. \u2022 Patas con regulaci\u00f3n de altura. \u2022 Aislamiento de poliuretano inyectado libre de CFC&#8217;s. \u2022 C\u00e1mara con ventilador de apoyo. \u2022 Termostato anal\u00f3gico regulable. \u2022 Term\u00f3metro digital en la puerta. \u2022 6 niveles de estantes para una buena optimizaci\u00f3n del espacio. \u2022 Desescarche manual en congelaci\u00f3n y autom\u00e1tico en refrigeraci\u00f3n. \u2022 Evaporador ventilado en refrigeraci\u00f3n y est\u00e1tico en congelaci\u00f3n. \u2022 Estantes extra\u00edbles en refrigeraci\u00f3n y fijos en congelaci\u00f3n. \u2022 Puerta cierre autom\u00e1tico. \u2022 Gas refrigerante ecol\u00f3gico R600a. \u2022 Clase clim\u00e1tica 4. &nbsp; Datos T\u00e9cnicos \u2022 Acabado: Blanco \u2022 Capacidad: 333 litros \u2022 Temperatura: +1 \/ +12 (\u00b0C) \u2022 Potencia: 220 W \u2022 Consumo: 467 (kWh\/A\u00f1o) \u2022 Clase energ\u00e9tica: C \u2022 Dimensiones: 600x650x1730 (AxFxH) mm\" \/>\n<meta property=\"og:url\" content=\"https:\/\/www.colonmontajes.com\/index.php\/product\/armario-conservacion-puerta-blanca-600x650x1730mm\/\" \/>\n<meta property=\"og:site_name\" content=\"Col\u00f3n Montajes\" \/>\n<meta property=\"article:modified_time\" content=\"2025-02-12T10:22:43+00:00\" \/>\n<meta property=\"og:image\" content=\"https:\/\/www.colonmontajes.com\/wp-content\/uploads\/2025\/02\/ARMARIO-REFRIGERACION-BLANCO.jpg\" \/>\n\t<meta property=\"og:image:width\" content=\"277\" \/>\n\t<meta property=\"og:image:height\" content=\"534\" \/>\n\t<meta property=\"og:image:type\" content=\"image\/jpeg\" \/>\n<meta name=\"twitter:card\" content=\"summary_large_image\" \/>\n<meta name=\"twitter:label1\" content=\"Tiempo de lectura\" \/>\n\t<meta name=\"twitter:data1\" content=\"1 minuto\" \/>\n<script type=\"application\/ld+json\" class=\"yoast-schema-graph\">{\"@context\":\"https:\/\/schema.org\",\"@graph\":[{\"@type\":\"WebPage\",\"@id\":\"https:\/\/www.colonmontajes.com\/index.php\/product\/armario-conservacion-puerta-blanca-600x650x1730mm\/\",\"url\":\"https:\/\/www.colonmontajes.com\/index.php\/product\/armario-conservacion-puerta-blanca-600x650x1730mm\/\",\"name\":\"ARMARIO CONSERVACION PUERTA BLANCA ECONOMICO 600x650x1730mm - Col\u00f3n Montajes\",\"isPartOf\":{\"@id\":\"https:\/\/www.colonmontajes.com\/#website\"},\"primaryImageOfPage\":{\"@id\":\"https:\/\/www.colonmontajes.com\/index.php\/product\/armario-conservacion-puerta-blanca-600x650x1730mm\/#primaryimage\"},\"image\":{\"@id\":\"https:\/\/www.colonmontajes.com\/index.php\/product\/armario-conservacion-puerta-blanca-600x650x1730mm\/#primaryimage\"},\"thumbnailUrl\":\"https:\/\/www.colonmontajes.com\/wp-content\/uploads\/2025\/02\/ARMARIO-REFRIGERACION-BLANCO.jpg\",\"datePublished\":\"2025-02-12T10:19:04+00:00\",\"dateModified\":\"2025-02-12T10:22:43+00:00\",\"breadcrumb\":{\"@id\":\"https:\/\/www.colonmontajes.com\/index.php\/product\/armario-conservacion-puerta-blanca-600x650x1730mm\/#breadcrumb\"},\"inLanguage\":\"es\",\"potentialAction\":[{\"@type\":\"ReadAction\",\"target\":[\"https:\/\/www.colonmontajes.com\/index.php\/product\/armario-conservacion-puerta-blanca-600x650x1730mm\/\"]}]},{\"@type\":\"ImageObject\",\"inLanguage\":\"es\",\"@id\":\"https:\/\/www.colonmontajes.com\/index.php\/product\/armario-conservacion-puerta-blanca-600x650x1730mm\/#primaryimage\",\"url\":\"https:\/\/www.colonmontajes.com\/wp-content\/uploads\/2025\/02\/ARMARIO-REFRIGERACION-BLANCO.jpg\",\"contentUrl\":\"https:\/\/www.colonmontajes.com\/wp-content\/uploads\/2025\/02\/ARMARIO-REFRIGERACION-BLANCO.jpg\",\"width\":277,\"height\":534},{\"@type\":\"BreadcrumbList\",\"@id\":\"https:\/\/www.colonmontajes.com\/index.php\/product\/armario-conservacion-puerta-blanca-600x650x1730mm\/#breadcrumb\",\"itemListElement\":[{\"@type\":\"ListItem\",\"position\":1,\"name\":\"Portada\",\"item\":\"https:\/\/www.colonmontajes.com\/\"},{\"@type\":\"ListItem\",\"position\":2,\"name\":\"Tienda\",\"item\":\"https:\/\/www.colonmontajes.com\/index.php\/tienda\/\"},{\"@type\":\"ListItem\",\"position\":3,\"name\":\"ARMARIO CONSERVACION PUERTA BLANCA ECONOMICO 600x650x1730mm\"}]},{\"@type\":\"WebSite\",\"@id\":\"https:\/\/www.colonmontajes.com\/#website\",\"url\":\"https:\/\/www.colonmontajes.com\/\",\"name\":\"Col\u00f3n Montajes\",\"description\":\"Expertos en equipamiento de maquinaria de hosteler\u00eda\",\"potentialAction\":[{\"@type\":\"SearchAction\",\"target\":{\"@type\":\"EntryPoint\",\"urlTemplate\":\"https:\/\/www.colonmontajes.com\/?s={search_term_string}\"},\"query-input\":{\"@type\":\"PropertyValueSpecification\",\"valueRequired\":true,\"valueName\":\"search_term_string\"}}],\"inLanguage\":\"es\"}]}<\/script>\n<!-- \/ Yoast SEO plugin. -->","yoast_head_json":{"title":"ARMARIO CONSERVACION PUERTA BLANCA ECONOMICO 600x650x1730mm - Col\u00f3n Montajes","robots":{"index":"index","follow":"follow","max-snippet":"max-snippet:-1","max-image-preview":"max-image-preview:large","max-video-preview":"max-video-preview:-1"},"canonical":"https:\/\/www.colonmontajes.com\/index.php\/product\/armario-conservacion-puerta-blanca-600x650x1730mm\/","og_locale":"es_ES","og_type":"article","og_title":"ARMARIO CONSERVACION PUERTA BLANCA ECONOMICO 600x650x1730mm - Col\u00f3n Montajes","og_description":"Caracter\u00edsticas T\u00e9cnicas \u2022 Fabricaci\u00f3n Europea de alta calidad. \u2022 Ideales para instalar en espacios de acceso complicado. \u2022 Est\u00e9tica plana. \u2022 Fabricaci\u00f3n interior en poliestireno termoconformado de calidad alimentaria. \u2022 Puertas reversibles. \u2022 Patas con regulaci\u00f3n de altura. \u2022 Aislamiento de poliuretano inyectado libre de CFC&#8217;s. \u2022 C\u00e1mara con ventilador de apoyo. \u2022 Termostato anal\u00f3gico regulable. \u2022 Term\u00f3metro digital en la puerta. \u2022 6 niveles de estantes para una buena optimizaci\u00f3n del espacio. \u2022 Desescarche manual en congelaci\u00f3n y autom\u00e1tico en refrigeraci\u00f3n. \u2022 Evaporador ventilado en refrigeraci\u00f3n y est\u00e1tico en congelaci\u00f3n. \u2022 Estantes extra\u00edbles en refrigeraci\u00f3n y fijos en congelaci\u00f3n. \u2022 Puerta cierre autom\u00e1tico. \u2022 Gas refrigerante ecol\u00f3gico R600a. \u2022 Clase clim\u00e1tica 4. &nbsp; Datos T\u00e9cnicos \u2022 Acabado: Blanco \u2022 Capacidad: 333 litros \u2022 Temperatura: +1 \/ +12 (\u00b0C) \u2022 Potencia: 220 W \u2022 Consumo: 467 (kWh\/A\u00f1o) \u2022 Clase energ\u00e9tica: C \u2022 Dimensiones: 600x650x1730 (AxFxH) mm","og_url":"https:\/\/www.colonmontajes.com\/index.php\/product\/armario-conservacion-puerta-blanca-600x650x1730mm\/","og_site_name":"Col\u00f3n Montajes","article_modified_time":"2025-02-12T10:22:43+00:00","og_image":[{"width":277,"height":534,"url":"https:\/\/www.colonmontajes.com\/wp-content\/uploads\/2025\/02\/ARMARIO-REFRIGERACION-BLANCO.jpg","type":"image\/jpeg"}],"twitter_card":"summary_large_image","twitter_misc":{"Tiempo de lectura":"1 minuto"},"schema":{"@context":"https:\/\/schema.org","@graph":[{"@type":"WebPage","@id":"https:\/\/www.colonmontajes.com\/index.php\/product\/armario-conservacion-puerta-blanca-600x650x1730mm\/","url":"https:\/\/www.colonmontajes.com\/index.php\/product\/armario-conservacion-puerta-blanca-600x650x1730mm\/","name":"ARMARIO CONSERVACION PUERTA BLANCA ECONOMICO 600x650x1730mm - Col\u00f3n Montajes","isPartOf":{"@id":"https:\/\/www.colonmontajes.com\/#website"},"primaryImageOfPage":{"@id":"https:\/\/www.colonmontajes.com\/index.php\/product\/armario-conservacion-puerta-blanca-600x650x1730mm\/#primaryimage"},"image":{"@id":"https:\/\/www.colonmontajes.com\/index.php\/product\/armario-conservacion-puerta-blanca-600x650x1730mm\/#primaryimage"},"thumbnailUrl":"https:\/\/www.colonmontajes.com\/wp-content\/uploads\/2025\/02\/ARMARIO-REFRIGERACION-BLANCO.jpg","datePublished":"2025-02-12T10:19:04+00:00","dateModified":"2025-02-12T10:22:43+00:00","breadcrumb":{"@id":"https:\/\/www.colonmontajes.com\/index.php\/product\/armario-conservacion-puerta-blanca-600x650x1730mm\/#breadcrumb"},"inLanguage":"es","potentialAction":[{"@type":"ReadAction","target":["https:\/\/www.colonmontajes.com\/index.php\/product\/armario-conservacion-puerta-blanca-600x650x1730mm\/"]}]},{"@type":"ImageObject","inLanguage":"es","@id":"https:\/\/www.colonmontajes.com\/index.php\/product\/armario-conservacion-puerta-blanca-600x650x1730mm\/#primaryimage","url":"https:\/\/www.colonmontajes.com\/wp-content\/uploads\/2025\/02\/ARMARIO-REFRIGERACION-BLANCO.jpg","contentUrl":"https:\/\/www.colonmontajes.com\/wp-content\/uploads\/2025\/02\/ARMARIO-REFRIGERACION-BLANCO.jpg","width":277,"height":534},{"@type":"BreadcrumbList","@id":"https:\/\/www.colonmontajes.com\/index.php\/product\/armario-conservacion-puerta-blanca-600x650x1730mm\/#breadcrumb","itemListElement":[{"@type":"ListItem","position":1,"name":"Portada","item":"https:\/\/www.colonmontajes.com\/"},{"@type":"ListItem","position":2,"name":"Tienda","item":"https:\/\/www.colonmontajes.com\/index.php\/tienda\/"},{"@type":"ListItem","position":3,"name":"ARMARIO CONSERVACION PUERTA BLANCA ECONOMICO 600x650x1730mm"}]},{"@type":"WebSite","@id":"https:\/\/www.colonmontajes.com\/#website","url":"https:\/\/www.colonmontajes.com\/","name":"Col\u00f3n Montajes","description":"Expertos en equipamiento de maquinaria de hosteler\u00eda","potentialAction":[{"@type":"SearchAction","target":{"@type":"EntryPoint","urlTemplate":"https:\/\/www.colonmontajes.com\/?s={search_term_string}"},"query-input":{"@type":"PropertyValueSpecification","valueRequired":true,"valueName":"search_term_string"}}],"inLanguage":"es"}]}},"_links":{"self":[{"href":"https:\/\/www.colonmontajes.com\/index.php\/wp-json\/wp\/v2\/product\/2370","targetHints":{"allow":["GET"]}}],"collection":[{"href":"https:\/\/www.colonmontajes.com\/index.php\/wp-json\/wp\/v2\/product"}],"about":[{"href":"https:\/\/www.colonmontajes.com\/index.php\/wp-json\/wp\/v2\/types\/product"}],"wp:featuredmedia":[{"embeddable":true,"href":"https:\/\/www.colonmontajes.com\/index.php\/wp-json\/wp\/v2\/media\/2371"}],"wp:attachment":[{"href":"https:\/\/www.colonmontajes.com\/index.php\/wp-json\/wp\/v2\/media?parent=2370"}],"wp:term":[{"taxonomy":"product_brand","embeddable":true,"href":"https:\/\/www.colonmontajes.com\/index.php\/wp-json\/wp\/v2\/product_brand?post=2370"},{"taxonomy":"product_cat","embeddable":true,"href":"https:\/\/www.colonmontajes.com\/index.php\/wp-json\/wp\/v2\/product_cat?post=2370"},{"taxonomy":"product_tag","embeddable":true,"href":"https:\/\/www.colonmontajes.com\/index.php\/wp-json\/wp\/v2\/product_tag?post=2370"}],"curies":[{"name":"wp","href":"https:\/\/api.w.org\/{rel}","templated":true}]}}