{"id":2326,"date":"2025-02-11T09:05:23","date_gmt":"2025-02-11T09:05:23","guid":{"rendered":"https:\/\/www.colonmontajes.com\/?post_type=product&#038;p=2326"},"modified":"2025-02-11T09:06:23","modified_gmt":"2025-02-11T09:06:23","slug":"mesa-preparacion-de-pizza-dos-puertas-1510-x-800-x-840mm","status":"publish","type":"product","link":"https:\/\/www.colonmontajes.com\/index.php\/product\/mesa-preparacion-de-pizza-dos-puertas-1510-x-800-x-840mm\/","title":{"rendered":"MESA PREPARACION DE PIZZA DOS PUERTAS 1510 x 800 x 840mm"},"content":{"rendered":"<p>Caracter\u00edsticas<\/p>\n<p>&nbsp;<\/p>\n<ul class=\"fusion-checklist fusion-checklist-1 fusion-checklist-default type-icons\">\n<li class=\"fusion-li-item\"><i class=\"fusion-li-icon fa fa-check\" aria-hidden=\"true\"><\/i>\n<div class=\"fusion-li-item-content\">Estructura interna y externa en acero inoxidable<\/div>\n<\/li>\n<li class=\"fusion-li-item\"><i class=\"fusion-li-icon fa fa-check\" aria-hidden=\"true\"><\/i>\n<div class=\"fusion-li-item-content\">Puertas con sellos magn\u00e9ticos f\u00e1ciles de limpiar y reemplazar<\/div>\n<\/li>\n<li class=\"fusion-li-item\"><i class=\"fusion-li-icon fa fa-check\" aria-hidden=\"true\"><\/i>\n<div class=\"fusion-li-item-content\">Puerta con cierre autom\u00e1tico<\/div>\n<\/li>\n<li class=\"fusion-li-item\"><i class=\"fusion-li-icon fa fa-check\" aria-hidden=\"true\"><\/i>\n<div class=\"fusion-li-item-content\">Bordes internos redondeados para f\u00e1cil limpieza<\/div>\n<\/li>\n<li class=\"fusion-li-item\"><i class=\"fusion-li-icon fa fa-check\" aria-hidden=\"true\"><\/i>\n<div class=\"fusion-li-item-content\">Termostato Digital<\/div>\n<\/li>\n<li class=\"fusion-li-item\"><i class=\"fusion-li-icon fa fa-check\" aria-hidden=\"true\"><\/i>\n<div class=\"fusion-li-item-content\">Conjunto Ventilador de alta eficiencia<\/div>\n<\/li>\n<li class=\"fusion-li-item\"><i class=\"fusion-li-icon fa fa-check\" aria-hidden=\"true\"><\/i>\n<div class=\"fusion-li-item-content\">Descongelamiento Autom\u00e1tico<\/div>\n<\/li>\n<li class=\"fusion-li-item\"><i class=\"fusion-li-icon fa fa-check\" aria-hidden=\"true\"><\/i>\n<div class=\"fusion-li-item-content\">Rejillas y gu\u00edas disponibles como accesorios<\/div>\n<\/li>\n<li class=\"fusion-li-item\"><i class=\"fusion-li-icon fa fa-check\" aria-hidden=\"true\"><\/i>\n<div class=\"fusion-li-item-content\">Pies de acero ajustables<\/div>\n<\/li>\n<li class=\"fusion-li-item\"><i class=\"fusion-li-icon fa fa-check\" aria-hidden=\"true\"><\/i>\n<div class=\"fusion-li-item-content\">Compresor \u00abCubigel \/ Huayi\u00bb<\/div>\n<\/li>\n<\/ul>\n<p>MCF8701GR Refrigerator Cooling Method<br \/>\nTipo refrigerazione Ventilated<br \/>\nDoors<br \/>\nPorte 2 Defrost Method<br \/>\nSbrinamento Air Defrost<br \/>\nTemperature (\u2103)<br \/>\nTemperatura-2\uff5e8 Refrigerant<br \/>\nGas refrigerante R600a<br \/>\nClimate temperature<br \/>\nTemperatura ambiente 40\u2103 40% Refrigerant Amount (g)<br \/>\nQuantit\u00e0 gas 60<br \/>\nGross Volume (L)<br \/>\nCapacit\u00e0 lorda 280 Climate type<br \/>\nClasse climatica 5<br \/>\nNet Volume (L)<br \/>\nCapacit\u00e0 netta 250 Exterior Dimensions (body) (mm)<br \/>\nDimensioni corpo macchina 1510\u00d7800\u00d7875<br \/>\nShelf QTY<br \/>\nGriglie in dotazione 2 Height with Leg (mm)<br \/>\nAltezza inclusi piedi regolabili 905<br \/>\nShelf Dimensions (mm)<br \/>\nDimensione griglie 335\u00d7590\/340\u00d7590 Height with Castor (mm)<br \/>\nAltezza incluse ruote 950(2&#8242;)<br \/>\nLoading capacity per shelf (kg)<br \/>\nCarico massimo per griglia 18 Interior Dimensions (mm)<br \/>\nDimensioni interne 830\u00d7595\u00d7510<br \/>\nInsulation thickness (mm)<br \/>\nCoibentazione 60 Wood Packing Dimensions (mm)<br \/>\nDimensioni imballo 955\u00d7754\u00d71043<br \/>\nFoaming Material<br \/>\nMateriale coibentante C5H10 Net Weight (kg)<br \/>\nPeso netto 70<br \/>\nLED Lights<br \/>\nLuci LED NO Gross Weight (kg)<br \/>\nPeso lordo 90<br \/>\nPower (W)<br \/>\nPotenza 250 Voltage (V\/Hz\/Ph)<br \/>\nVoltaggio 220-240\/50\/1<br \/>\nPower consumption (kWh\/24h)<br \/>\nConsumo 1.4 Auxiliary Heater (W)<br \/>\nCalentador auxiliar<br \/>\nAnnual energy consumption<br \/>\n(kWh\/annum)<br \/>\nConsumo annuo<br \/>\n511 Energy efficiency class<br \/>\nClasse energetica A<br \/>\nRated Current (A)<br \/>\nCorrente nominale 2 Thermostat<br \/>\nModelo termostato Carel<br \/>\nCompressor Brand<br \/>\nCompressore Hua Yi Compressor Model<br \/>\nModelo Compresor HYE125MHU<\/p>\n","protected":false},"excerpt":{"rendered":"<p>Caracter\u00edsticas &nbsp; Estructura interna y externa en acero inoxidable Puertas con sellos magn\u00e9ticos f\u00e1ciles de limpiar y reemplazar Puerta con cierre autom\u00e1tico Bordes internos redondeados para f\u00e1cil limpieza Termostato Digital Conjunto Ventilador de alta eficiencia Descongelamiento Autom\u00e1tico Rejillas y gu\u00edas disponibles como accesorios Pies de acero ajustables Compresor \u00abCubigel \/ Huayi\u00bb MCF8701GR Refrigerator Cooling Method Tipo refrigerazione Ventilated Doors Porte 2 Defrost Method Sbrinamento Air Defrost Temperature (\u2103) Temperatura-2\uff5e8 Refrigerant Gas refrigerante R600a Climate temperature Temperatura ambiente 40\u2103 40% Refrigerant Amount (g) Quantit\u00e0 gas 60 Gross Volume (L) Capacit\u00e0 lorda 280 Climate type Classe climatica 5 Net Volume (L) Capacit\u00e0 netta 250 Exterior Dimensions (body) (mm) Dimensioni corpo macchina 1510\u00d7800\u00d7875 Shelf QTY Griglie in dotazione 2 Height with Leg (mm) Altezza inclusi piedi regolabili 905 Shelf Dimensions (mm) Dimensione griglie 335\u00d7590\/340\u00d7590 Height with Castor (mm) Altezza incluse ruote 950(2&#8242;) Loading capacity per shelf (kg) Carico massimo per griglia 18 Interior Dimensions (mm) Dimensioni interne 830\u00d7595\u00d7510 Insulation thickness (mm) Coibentazione 60 Wood Packing Dimensions (mm) Dimensioni imballo 955\u00d7754\u00d71043 Foaming Material Materiale coibentante C5H10 Net Weight (kg) Peso netto 70 LED Lights Luci LED NO Gross Weight (kg) Peso lordo 90 Power (W) Potenza 250 Voltage (V\/Hz\/Ph) Voltaggio 220-240\/50\/1 Power consumption (kWh\/24h) Consumo 1.4 Auxiliary Heater (W) Calentador auxiliar Annual energy consumption (kWh\/annum) Consumo annuo 511 Energy efficiency class Classe energetica A Rated Current (A) Corrente nominale 2 Thermostat Modelo termostato Carel Compressor Brand Compressore Hua Yi Compressor Model Modelo Compresor HYE125MHU<\/p>\n","protected":false},"featured_media":2327,"template":"","meta":[],"product_brand":[],"product_cat":[52,34,45],"product_tag":[51],"class_list":{"0":"post-2326","1":"product","2":"type-product","3":"status-publish","4":"has-post-thumbnail","6":"product_cat-ofertas","7":"product_cat-frio-comercial","8":"product_cat-super-rebajado","9":"product_tag-economico","11":"first","12":"instock","13":"sale","14":"taxable","15":"shipping-taxable","16":"purchasable","17":"product-type-simple"},"yoast_head":"<!-- This site is optimized with the Yoast SEO plugin v25.4 - https:\/\/yoast.com\/wordpress\/plugins\/seo\/ -->\n<title>MESA PREPARACION DE PIZZA DOS PUERTAS 1510 x 800 x 840mm - Col\u00f3n Montajes<\/title>\n<meta name=\"robots\" content=\"index, follow, max-snippet:-1, max-image-preview:large, max-video-preview:-1\" \/>\n<link rel=\"canonical\" href=\"https:\/\/www.colonmontajes.com\/index.php\/product\/mesa-preparacion-de-pizza-dos-puertas-1510-x-800-x-840mm\/\" \/>\n<meta property=\"og:locale\" content=\"es_ES\" \/>\n<meta property=\"og:type\" content=\"article\" \/>\n<meta property=\"og:title\" content=\"MESA PREPARACION DE PIZZA DOS PUERTAS 1510 x 800 x 840mm - Col\u00f3n Montajes\" \/>\n<meta property=\"og:description\" content=\"Caracter\u00edsticas &nbsp; Estructura interna y externa en acero inoxidable Puertas con sellos magn\u00e9ticos f\u00e1ciles de limpiar y reemplazar Puerta con cierre autom\u00e1tico Bordes internos redondeados para f\u00e1cil limpieza Termostato Digital Conjunto Ventilador de alta eficiencia Descongelamiento Autom\u00e1tico Rejillas y gu\u00edas disponibles como accesorios Pies de acero ajustables Compresor \u00abCubigel \/ Huayi\u00bb MCF8701GR Refrigerator Cooling Method Tipo refrigerazione Ventilated Doors Porte 2 Defrost Method Sbrinamento Air Defrost Temperature (\u2103) Temperatura-2\uff5e8 Refrigerant Gas refrigerante R600a Climate temperature Temperatura ambiente 40\u2103 40% Refrigerant Amount (g) Quantit\u00e0 gas 60 Gross Volume (L) Capacit\u00e0 lorda 280 Climate type Classe climatica 5 Net Volume (L) Capacit\u00e0 netta 250 Exterior Dimensions (body) (mm) Dimensioni corpo macchina 1510\u00d7800\u00d7875 Shelf QTY Griglie in dotazione 2 Height with Leg (mm) Altezza inclusi piedi regolabili 905 Shelf Dimensions (mm) Dimensione griglie 335\u00d7590\/340\u00d7590 Height with Castor (mm) Altezza incluse ruote 950(2&#8242;) Loading capacity per shelf (kg) Carico massimo per griglia 18 Interior Dimensions (mm) Dimensioni interne 830\u00d7595\u00d7510 Insulation thickness (mm) Coibentazione 60 Wood Packing Dimensions (mm) Dimensioni imballo 955\u00d7754\u00d71043 Foaming Material Materiale coibentante C5H10 Net Weight (kg) Peso netto 70 LED Lights Luci LED NO Gross Weight (kg) Peso lordo 90 Power (W) Potenza 250 Voltage (V\/Hz\/Ph) Voltaggio 220-240\/50\/1 Power consumption (kWh\/24h) Consumo 1.4 Auxiliary Heater (W) Calentador auxiliar Annual energy consumption (kWh\/annum) Consumo annuo 511 Energy efficiency class Classe energetica A Rated Current (A) Corrente nominale 2 Thermostat Modelo termostato Carel Compressor Brand Compressore Hua Yi Compressor Model Modelo Compresor HYE125MHU\" \/>\n<meta property=\"og:url\" content=\"https:\/\/www.colonmontajes.com\/index.php\/product\/mesa-preparacion-de-pizza-dos-puertas-1510-x-800-x-840mm\/\" \/>\n<meta property=\"og:site_name\" content=\"Col\u00f3n Montajes\" \/>\n<meta property=\"article:modified_time\" content=\"2025-02-11T09:06:23+00:00\" \/>\n<meta property=\"og:image\" content=\"https:\/\/www.colonmontajes.com\/wp-content\/uploads\/2025\/02\/MESA-PREPARACION-PIZZA-2-PUERTAS.jpg\" \/>\n\t<meta property=\"og:image:width\" content=\"580\" \/>\n\t<meta property=\"og:image:height\" content=\"397\" \/>\n\t<meta property=\"og:image:type\" content=\"image\/jpeg\" \/>\n<meta name=\"twitter:card\" content=\"summary_large_image\" \/>\n<meta name=\"twitter:label1\" content=\"Tiempo de lectura\" \/>\n\t<meta name=\"twitter:data1\" content=\"1 minuto\" \/>\n<script type=\"application\/ld+json\" class=\"yoast-schema-graph\">{\"@context\":\"https:\/\/schema.org\",\"@graph\":[{\"@type\":\"WebPage\",\"@id\":\"https:\/\/www.colonmontajes.com\/index.php\/product\/mesa-preparacion-de-pizza-dos-puertas-1510-x-800-x-840mm\/\",\"url\":\"https:\/\/www.colonmontajes.com\/index.php\/product\/mesa-preparacion-de-pizza-dos-puertas-1510-x-800-x-840mm\/\",\"name\":\"MESA PREPARACION DE PIZZA DOS PUERTAS 1510 x 800 x 840mm - Col\u00f3n Montajes\",\"isPartOf\":{\"@id\":\"https:\/\/www.colonmontajes.com\/#website\"},\"primaryImageOfPage\":{\"@id\":\"https:\/\/www.colonmontajes.com\/index.php\/product\/mesa-preparacion-de-pizza-dos-puertas-1510-x-800-x-840mm\/#primaryimage\"},\"image\":{\"@id\":\"https:\/\/www.colonmontajes.com\/index.php\/product\/mesa-preparacion-de-pizza-dos-puertas-1510-x-800-x-840mm\/#primaryimage\"},\"thumbnailUrl\":\"https:\/\/www.colonmontajes.com\/wp-content\/uploads\/2025\/02\/MESA-PREPARACION-PIZZA-2-PUERTAS.jpg\",\"datePublished\":\"2025-02-11T09:05:23+00:00\",\"dateModified\":\"2025-02-11T09:06:23+00:00\",\"breadcrumb\":{\"@id\":\"https:\/\/www.colonmontajes.com\/index.php\/product\/mesa-preparacion-de-pizza-dos-puertas-1510-x-800-x-840mm\/#breadcrumb\"},\"inLanguage\":\"es\",\"potentialAction\":[{\"@type\":\"ReadAction\",\"target\":[\"https:\/\/www.colonmontajes.com\/index.php\/product\/mesa-preparacion-de-pizza-dos-puertas-1510-x-800-x-840mm\/\"]}]},{\"@type\":\"ImageObject\",\"inLanguage\":\"es\",\"@id\":\"https:\/\/www.colonmontajes.com\/index.php\/product\/mesa-preparacion-de-pizza-dos-puertas-1510-x-800-x-840mm\/#primaryimage\",\"url\":\"https:\/\/www.colonmontajes.com\/wp-content\/uploads\/2025\/02\/MESA-PREPARACION-PIZZA-2-PUERTAS.jpg\",\"contentUrl\":\"https:\/\/www.colonmontajes.com\/wp-content\/uploads\/2025\/02\/MESA-PREPARACION-PIZZA-2-PUERTAS.jpg\",\"width\":580,\"height\":397},{\"@type\":\"BreadcrumbList\",\"@id\":\"https:\/\/www.colonmontajes.com\/index.php\/product\/mesa-preparacion-de-pizza-dos-puertas-1510-x-800-x-840mm\/#breadcrumb\",\"itemListElement\":[{\"@type\":\"ListItem\",\"position\":1,\"name\":\"Portada\",\"item\":\"https:\/\/www.colonmontajes.com\/\"},{\"@type\":\"ListItem\",\"position\":2,\"name\":\"Tienda\",\"item\":\"https:\/\/www.colonmontajes.com\/index.php\/tienda\/\"},{\"@type\":\"ListItem\",\"position\":3,\"name\":\"MESA PREPARACION DE PIZZA DOS PUERTAS 1510 x 800 x 840mm\"}]},{\"@type\":\"WebSite\",\"@id\":\"https:\/\/www.colonmontajes.com\/#website\",\"url\":\"https:\/\/www.colonmontajes.com\/\",\"name\":\"Col\u00f3n Montajes\",\"description\":\"Expertos en equipamiento de maquinaria de hosteler\u00eda\",\"potentialAction\":[{\"@type\":\"SearchAction\",\"target\":{\"@type\":\"EntryPoint\",\"urlTemplate\":\"https:\/\/www.colonmontajes.com\/?s={search_term_string}\"},\"query-input\":{\"@type\":\"PropertyValueSpecification\",\"valueRequired\":true,\"valueName\":\"search_term_string\"}}],\"inLanguage\":\"es\"}]}<\/script>\n<!-- \/ Yoast SEO plugin. -->","yoast_head_json":{"title":"MESA PREPARACION DE PIZZA DOS PUERTAS 1510 x 800 x 840mm - Col\u00f3n Montajes","robots":{"index":"index","follow":"follow","max-snippet":"max-snippet:-1","max-image-preview":"max-image-preview:large","max-video-preview":"max-video-preview:-1"},"canonical":"https:\/\/www.colonmontajes.com\/index.php\/product\/mesa-preparacion-de-pizza-dos-puertas-1510-x-800-x-840mm\/","og_locale":"es_ES","og_type":"article","og_title":"MESA PREPARACION DE PIZZA DOS PUERTAS 1510 x 800 x 840mm - Col\u00f3n Montajes","og_description":"Caracter\u00edsticas &nbsp; Estructura interna y externa en acero inoxidable Puertas con sellos magn\u00e9ticos f\u00e1ciles de limpiar y reemplazar Puerta con cierre autom\u00e1tico Bordes internos redondeados para f\u00e1cil limpieza Termostato Digital Conjunto Ventilador de alta eficiencia Descongelamiento Autom\u00e1tico Rejillas y gu\u00edas disponibles como accesorios Pies de acero ajustables Compresor \u00abCubigel \/ Huayi\u00bb MCF8701GR Refrigerator Cooling Method Tipo refrigerazione Ventilated Doors Porte 2 Defrost Method Sbrinamento Air Defrost Temperature (\u2103) Temperatura-2\uff5e8 Refrigerant Gas refrigerante R600a Climate temperature Temperatura ambiente 40\u2103 40% Refrigerant Amount (g) Quantit\u00e0 gas 60 Gross Volume (L) Capacit\u00e0 lorda 280 Climate type Classe climatica 5 Net Volume (L) Capacit\u00e0 netta 250 Exterior Dimensions (body) (mm) Dimensioni corpo macchina 1510\u00d7800\u00d7875 Shelf QTY Griglie in dotazione 2 Height with Leg (mm) Altezza inclusi piedi regolabili 905 Shelf Dimensions (mm) Dimensione griglie 335\u00d7590\/340\u00d7590 Height with Castor (mm) Altezza incluse ruote 950(2&#8242;) Loading capacity per shelf (kg) Carico massimo per griglia 18 Interior Dimensions (mm) Dimensioni interne 830\u00d7595\u00d7510 Insulation thickness (mm) Coibentazione 60 Wood Packing Dimensions (mm) Dimensioni imballo 955\u00d7754\u00d71043 Foaming Material Materiale coibentante C5H10 Net Weight (kg) Peso netto 70 LED Lights Luci LED NO Gross Weight (kg) Peso lordo 90 Power (W) Potenza 250 Voltage (V\/Hz\/Ph) Voltaggio 220-240\/50\/1 Power consumption (kWh\/24h) Consumo 1.4 Auxiliary Heater (W) Calentador auxiliar Annual energy consumption (kWh\/annum) Consumo annuo 511 Energy efficiency class Classe energetica A Rated Current (A) Corrente nominale 2 Thermostat Modelo termostato Carel Compressor Brand Compressore Hua Yi Compressor Model Modelo Compresor HYE125MHU","og_url":"https:\/\/www.colonmontajes.com\/index.php\/product\/mesa-preparacion-de-pizza-dos-puertas-1510-x-800-x-840mm\/","og_site_name":"Col\u00f3n Montajes","article_modified_time":"2025-02-11T09:06:23+00:00","og_image":[{"width":580,"height":397,"url":"https:\/\/www.colonmontajes.com\/wp-content\/uploads\/2025\/02\/MESA-PREPARACION-PIZZA-2-PUERTAS.jpg","type":"image\/jpeg"}],"twitter_card":"summary_large_image","twitter_misc":{"Tiempo de lectura":"1 minuto"},"schema":{"@context":"https:\/\/schema.org","@graph":[{"@type":"WebPage","@id":"https:\/\/www.colonmontajes.com\/index.php\/product\/mesa-preparacion-de-pizza-dos-puertas-1510-x-800-x-840mm\/","url":"https:\/\/www.colonmontajes.com\/index.php\/product\/mesa-preparacion-de-pizza-dos-puertas-1510-x-800-x-840mm\/","name":"MESA PREPARACION DE PIZZA DOS PUERTAS 1510 x 800 x 840mm - Col\u00f3n Montajes","isPartOf":{"@id":"https:\/\/www.colonmontajes.com\/#website"},"primaryImageOfPage":{"@id":"https:\/\/www.colonmontajes.com\/index.php\/product\/mesa-preparacion-de-pizza-dos-puertas-1510-x-800-x-840mm\/#primaryimage"},"image":{"@id":"https:\/\/www.colonmontajes.com\/index.php\/product\/mesa-preparacion-de-pizza-dos-puertas-1510-x-800-x-840mm\/#primaryimage"},"thumbnailUrl":"https:\/\/www.colonmontajes.com\/wp-content\/uploads\/2025\/02\/MESA-PREPARACION-PIZZA-2-PUERTAS.jpg","datePublished":"2025-02-11T09:05:23+00:00","dateModified":"2025-02-11T09:06:23+00:00","breadcrumb":{"@id":"https:\/\/www.colonmontajes.com\/index.php\/product\/mesa-preparacion-de-pizza-dos-puertas-1510-x-800-x-840mm\/#breadcrumb"},"inLanguage":"es","potentialAction":[{"@type":"ReadAction","target":["https:\/\/www.colonmontajes.com\/index.php\/product\/mesa-preparacion-de-pizza-dos-puertas-1510-x-800-x-840mm\/"]}]},{"@type":"ImageObject","inLanguage":"es","@id":"https:\/\/www.colonmontajes.com\/index.php\/product\/mesa-preparacion-de-pizza-dos-puertas-1510-x-800-x-840mm\/#primaryimage","url":"https:\/\/www.colonmontajes.com\/wp-content\/uploads\/2025\/02\/MESA-PREPARACION-PIZZA-2-PUERTAS.jpg","contentUrl":"https:\/\/www.colonmontajes.com\/wp-content\/uploads\/2025\/02\/MESA-PREPARACION-PIZZA-2-PUERTAS.jpg","width":580,"height":397},{"@type":"BreadcrumbList","@id":"https:\/\/www.colonmontajes.com\/index.php\/product\/mesa-preparacion-de-pizza-dos-puertas-1510-x-800-x-840mm\/#breadcrumb","itemListElement":[{"@type":"ListItem","position":1,"name":"Portada","item":"https:\/\/www.colonmontajes.com\/"},{"@type":"ListItem","position":2,"name":"Tienda","item":"https:\/\/www.colonmontajes.com\/index.php\/tienda\/"},{"@type":"ListItem","position":3,"name":"MESA PREPARACION DE PIZZA DOS PUERTAS 1510 x 800 x 840mm"}]},{"@type":"WebSite","@id":"https:\/\/www.colonmontajes.com\/#website","url":"https:\/\/www.colonmontajes.com\/","name":"Col\u00f3n Montajes","description":"Expertos en equipamiento de maquinaria de hosteler\u00eda","potentialAction":[{"@type":"SearchAction","target":{"@type":"EntryPoint","urlTemplate":"https:\/\/www.colonmontajes.com\/?s={search_term_string}"},"query-input":{"@type":"PropertyValueSpecification","valueRequired":true,"valueName":"search_term_string"}}],"inLanguage":"es"}]}},"_links":{"self":[{"href":"https:\/\/www.colonmontajes.com\/index.php\/wp-json\/wp\/v2\/product\/2326","targetHints":{"allow":["GET"]}}],"collection":[{"href":"https:\/\/www.colonmontajes.com\/index.php\/wp-json\/wp\/v2\/product"}],"about":[{"href":"https:\/\/www.colonmontajes.com\/index.php\/wp-json\/wp\/v2\/types\/product"}],"wp:featuredmedia":[{"embeddable":true,"href":"https:\/\/www.colonmontajes.com\/index.php\/wp-json\/wp\/v2\/media\/2327"}],"wp:attachment":[{"href":"https:\/\/www.colonmontajes.com\/index.php\/wp-json\/wp\/v2\/media?parent=2326"}],"wp:term":[{"taxonomy":"product_brand","embeddable":true,"href":"https:\/\/www.colonmontajes.com\/index.php\/wp-json\/wp\/v2\/product_brand?post=2326"},{"taxonomy":"product_cat","embeddable":true,"href":"https:\/\/www.colonmontajes.com\/index.php\/wp-json\/wp\/v2\/product_cat?post=2326"},{"taxonomy":"product_tag","embeddable":true,"href":"https:\/\/www.colonmontajes.com\/index.php\/wp-json\/wp\/v2\/product_tag?post=2326"}],"curies":[{"name":"wp","href":"https:\/\/api.w.org\/{rel}","templated":true}]}}