{"id":2302,"date":"2025-02-11T07:23:31","date_gmt":"2025-02-11T07:23:31","guid":{"rendered":"https:\/\/www.colonmontajes.com\/?post_type=product&#038;p=2302"},"modified":"2025-02-11T08:59:54","modified_gmt":"2025-02-11T08:59:54","slug":"mesa-fria-4-puertas-2230x700x715mm","status":"publish","type":"product","link":"https:\/\/www.colonmontajes.com\/index.php\/product\/mesa-fria-4-puertas-2230x700x715mm\/","title":{"rendered":"MESA FRIA 4 PUERTAS  2230X700X715mm"},"content":{"rendered":"<p>HAY OPCION DE CONGELADOR TAMBIEN<\/p>\n<p>CLASE CLIM\u00c1TICA\u00a0 \u00a0(A Y C)<\/p>\n<p>Climate class 5 (40\u00b0C 40%) 5 (40\u00b0C 40%) 4 (30\u00b0 55%)<br \/>\nDIMENSIONES PRODUCTO (mm)<br \/>\nProduct dimensions (mm) L\u00d7W\u00d7H 2230\u00d7700\u00d7715<\/p>\n<p>DIMENSIONES EMBALAJE (mm)<br \/>\nPackaging dimensions (mm) L\u00d7W\u00d7H 2285\u00d7755\u00d7885<\/p>\n<p>Tope (mm) A\u00d7P<br \/>\nUpstand (mm) H\u00d7W &#8211; 100\u00d720 100&#215;20<br \/>\nPESO NETO (Kg)<br \/>\nNet weight (Kg) 145 145 141<br \/>\nPESO BRUTO (Kg)<br \/>\nGross weight (Kg) 176 176 178<br \/>\nCAPACIDAD (L)<br \/>\nGross capacity (L) 560 560 560<br \/>\nTEMPERATURA (\u00b0C)<br \/>\nTemperature (\u00b0C) -2\u00b0C \/ +8\u00b0C -2\u00b0C \/ +8\u00b0C -22\u00b0C \/ -18\u00b0C<br \/>\nREJILLAS POR PUERTA<br \/>\nGrids supplied per door 1 1 1<br \/>\nDIMENSIONES REJILLAS (mm)<br \/>\nGrid size (mm) 330\u00d7555 330\u00d7555 330\u00d7555<br \/>\nM\u00c1XIMA CARGA POR REJILLA (Kg)<br \/>\nMaximum load per grid (Kg) 18 18 18<br \/>\nTERMOSTATO<br \/>\nThermostat Dixell \/ Carel Dixell \/ Carel Dixell \/ Carel<br \/>\nCOMPRESOR<br \/>\nCompressor Cubigel Cubigel Cubigel<br \/>\nMODELO COMPRESOR<br \/>\nCompressor model NUT55NA NUT55NA NUM90LA1<br \/>\nGAS REFRIGERANTE<br \/>\nRefrigerant gas R290 Propane &#8211; GWP3 R290 Propane &#8211; GWP3 R290 Propane &#8211; GWP3<br \/>\nCONSUMO ANUAL (KWh\/a\u00f1o)<br \/>\nAnnual consumption (KWh\/Year) 697 697 2237<br \/>\nVOLTAJE (V \/ Hz \/ Ph)<br \/>\nVoltage (V\/Hz\/Ph) 220-240\/50\/1 220-240\/50\/1 220-240\/50\/1<br \/>\nPOTENCIA (W)<br \/>\nPower (W) 400 400 600<br \/>\nTIPO REFRIGERACI\u00d3N<br \/>\nCooling method Ventilado \/ Ventilated Ventilado \/ Ventilated Ventilado \/ Ventilated<br \/>\nESPESOR DEL AISLAMIENTO (mm)<br \/>\nInsulation thickness (mm) 60 60 60<br \/>\nDESCONGELAMIENTO<br \/>\nDefrosting Aire \/ Air Defrost Aire \/ Air Defrost Gas Caliente \/ Hot Gas Defrost<\/p>\n","protected":false},"excerpt":{"rendered":"<p>HAY OPCION DE CONGELADOR TAMBIEN CLASE CLIM\u00c1TICA\u00a0 \u00a0(A Y C) Climate class 5 (40\u00b0C 40%) 5 (40\u00b0C 40%) 4 (30\u00b0 55%) DIMENSIONES PRODUCTO (mm) Product dimensions (mm) L\u00d7W\u00d7H 2230\u00d7700\u00d7715 DIMENSIONES EMBALAJE (mm) Packaging dimensions (mm) L\u00d7W\u00d7H 2285\u00d7755\u00d7885 Tope (mm) A\u00d7P Upstand (mm) H\u00d7W &#8211; 100\u00d720 100&#215;20 PESO NETO (Kg) Net weight (Kg) 145 145 141 PESO BRUTO (Kg) Gross weight (Kg) 176 176 178 CAPACIDAD (L) Gross capacity (L) 560 560 560 TEMPERATURA (\u00b0C) Temperature (\u00b0C) -2\u00b0C \/ +8\u00b0C -2\u00b0C \/ +8\u00b0C -22\u00b0C \/ -18\u00b0C REJILLAS POR PUERTA Grids supplied per door 1 1 1 DIMENSIONES REJILLAS (mm) Grid size (mm) 330\u00d7555 330\u00d7555 330\u00d7555 M\u00c1XIMA CARGA POR REJILLA (Kg) Maximum load per grid (Kg) 18 18 18 TERMOSTATO Thermostat Dixell \/ Carel Dixell \/ Carel Dixell \/ Carel COMPRESOR Compressor Cubigel Cubigel Cubigel MODELO COMPRESOR Compressor model NUT55NA NUT55NA NUM90LA1 GAS REFRIGERANTE Refrigerant gas R290 Propane &#8211; GWP3 R290 Propane &#8211; GWP3 R290 Propane &#8211; GWP3 CONSUMO ANUAL (KWh\/a\u00f1o) Annual consumption (KWh\/Year) 697 697 2237 VOLTAJE (V \/ Hz \/ Ph) Voltage (V\/Hz\/Ph) 220-240\/50\/1 220-240\/50\/1 220-240\/50\/1 POTENCIA (W) Power (W) 400 400 600 TIPO REFRIGERACI\u00d3N Cooling method Ventilado \/ Ventilated Ventilado \/ Ventilated Ventilado \/ Ventilated ESPESOR DEL AISLAMIENTO (mm) Insulation thickness (mm) 60 60 60 DESCONGELAMIENTO Defrosting Aire \/ Air Defrost Aire \/ Air Defrost Gas Caliente \/ Hot Gas Defrost<\/p>\n","protected":false},"featured_media":2303,"template":"","meta":[],"product_brand":[],"product_cat":[52,34,45],"product_tag":[51],"class_list":{"0":"post-2302","1":"product","2":"type-product","3":"status-publish","4":"has-post-thumbnail","6":"product_cat-ofertas","7":"product_cat-frio-comercial","8":"product_cat-super-rebajado","9":"product_tag-economico","11":"first","12":"instock","13":"sale","14":"taxable","15":"shipping-taxable","16":"purchasable","17":"product-type-simple"},"yoast_head":"<!-- This site is optimized with the Yoast SEO plugin v25.4 - https:\/\/yoast.com\/wordpress\/plugins\/seo\/ -->\n<title>MESA FRIA 4 PUERTAS 2230X700X715mm - Col\u00f3n Montajes<\/title>\n<meta name=\"robots\" content=\"index, follow, max-snippet:-1, max-image-preview:large, max-video-preview:-1\" \/>\n<link rel=\"canonical\" href=\"https:\/\/www.colonmontajes.com\/index.php\/product\/mesa-fria-4-puertas-2230x700x715mm\/\" \/>\n<meta property=\"og:locale\" content=\"es_ES\" \/>\n<meta property=\"og:type\" content=\"article\" \/>\n<meta property=\"og:title\" content=\"MESA FRIA 4 PUERTAS 2230X700X715mm - Col\u00f3n Montajes\" \/>\n<meta property=\"og:description\" content=\"HAY OPCION DE CONGELADOR TAMBIEN CLASE CLIM\u00c1TICA\u00a0 \u00a0(A Y C) Climate class 5 (40\u00b0C 40%) 5 (40\u00b0C 40%) 4 (30\u00b0 55%) DIMENSIONES PRODUCTO (mm) Product dimensions (mm) L\u00d7W\u00d7H 2230\u00d7700\u00d7715 DIMENSIONES EMBALAJE (mm) Packaging dimensions (mm) L\u00d7W\u00d7H 2285\u00d7755\u00d7885 Tope (mm) A\u00d7P Upstand (mm) H\u00d7W &#8211; 100\u00d720 100&#215;20 PESO NETO (Kg) Net weight (Kg) 145 145 141 PESO BRUTO (Kg) Gross weight (Kg) 176 176 178 CAPACIDAD (L) Gross capacity (L) 560 560 560 TEMPERATURA (\u00b0C) Temperature (\u00b0C) -2\u00b0C \/ +8\u00b0C -2\u00b0C \/ +8\u00b0C -22\u00b0C \/ -18\u00b0C REJILLAS POR PUERTA Grids supplied per door 1 1 1 DIMENSIONES REJILLAS (mm) Grid size (mm) 330\u00d7555 330\u00d7555 330\u00d7555 M\u00c1XIMA CARGA POR REJILLA (Kg) Maximum load per grid (Kg) 18 18 18 TERMOSTATO Thermostat Dixell \/ Carel Dixell \/ Carel Dixell \/ Carel COMPRESOR Compressor Cubigel Cubigel Cubigel MODELO COMPRESOR Compressor model NUT55NA NUT55NA NUM90LA1 GAS REFRIGERANTE Refrigerant gas R290 Propane &#8211; GWP3 R290 Propane &#8211; GWP3 R290 Propane &#8211; GWP3 CONSUMO ANUAL (KWh\/a\u00f1o) Annual consumption (KWh\/Year) 697 697 2237 VOLTAJE (V \/ Hz \/ Ph) Voltage (V\/Hz\/Ph) 220-240\/50\/1 220-240\/50\/1 220-240\/50\/1 POTENCIA (W) Power (W) 400 400 600 TIPO REFRIGERACI\u00d3N Cooling method Ventilado \/ Ventilated Ventilado \/ Ventilated Ventilado \/ Ventilated ESPESOR DEL AISLAMIENTO (mm) Insulation thickness (mm) 60 60 60 DESCONGELAMIENTO Defrosting Aire \/ Air Defrost Aire \/ Air Defrost Gas Caliente \/ Hot Gas Defrost\" \/>\n<meta property=\"og:url\" content=\"https:\/\/www.colonmontajes.com\/index.php\/product\/mesa-fria-4-puertas-2230x700x715mm\/\" \/>\n<meta property=\"og:site_name\" content=\"Col\u00f3n Montajes\" \/>\n<meta property=\"article:modified_time\" content=\"2025-02-11T08:59:54+00:00\" \/>\n<meta property=\"og:image\" content=\"https:\/\/www.colonmontajes.com\/wp-content\/uploads\/2025\/02\/MESA-FRIA-4-PUERTAS.jpg\" \/>\n\t<meta property=\"og:image:width\" content=\"408\" \/>\n\t<meta property=\"og:image:height\" content=\"171\" \/>\n\t<meta property=\"og:image:type\" content=\"image\/jpeg\" \/>\n<meta name=\"twitter:card\" content=\"summary_large_image\" \/>\n<meta name=\"twitter:label1\" content=\"Tiempo de lectura\" \/>\n\t<meta name=\"twitter:data1\" content=\"1 minuto\" \/>\n<script type=\"application\/ld+json\" class=\"yoast-schema-graph\">{\"@context\":\"https:\/\/schema.org\",\"@graph\":[{\"@type\":\"WebPage\",\"@id\":\"https:\/\/www.colonmontajes.com\/index.php\/product\/mesa-fria-4-puertas-2230x700x715mm\/\",\"url\":\"https:\/\/www.colonmontajes.com\/index.php\/product\/mesa-fria-4-puertas-2230x700x715mm\/\",\"name\":\"MESA FRIA 4 PUERTAS 2230X700X715mm - Col\u00f3n Montajes\",\"isPartOf\":{\"@id\":\"https:\/\/www.colonmontajes.com\/#website\"},\"primaryImageOfPage\":{\"@id\":\"https:\/\/www.colonmontajes.com\/index.php\/product\/mesa-fria-4-puertas-2230x700x715mm\/#primaryimage\"},\"image\":{\"@id\":\"https:\/\/www.colonmontajes.com\/index.php\/product\/mesa-fria-4-puertas-2230x700x715mm\/#primaryimage\"},\"thumbnailUrl\":\"https:\/\/www.colonmontajes.com\/wp-content\/uploads\/2025\/02\/MESA-FRIA-4-PUERTAS.jpg\",\"datePublished\":\"2025-02-11T07:23:31+00:00\",\"dateModified\":\"2025-02-11T08:59:54+00:00\",\"breadcrumb\":{\"@id\":\"https:\/\/www.colonmontajes.com\/index.php\/product\/mesa-fria-4-puertas-2230x700x715mm\/#breadcrumb\"},\"inLanguage\":\"es\",\"potentialAction\":[{\"@type\":\"ReadAction\",\"target\":[\"https:\/\/www.colonmontajes.com\/index.php\/product\/mesa-fria-4-puertas-2230x700x715mm\/\"]}]},{\"@type\":\"ImageObject\",\"inLanguage\":\"es\",\"@id\":\"https:\/\/www.colonmontajes.com\/index.php\/product\/mesa-fria-4-puertas-2230x700x715mm\/#primaryimage\",\"url\":\"https:\/\/www.colonmontajes.com\/wp-content\/uploads\/2025\/02\/MESA-FRIA-4-PUERTAS.jpg\",\"contentUrl\":\"https:\/\/www.colonmontajes.com\/wp-content\/uploads\/2025\/02\/MESA-FRIA-4-PUERTAS.jpg\",\"width\":408,\"height\":171},{\"@type\":\"BreadcrumbList\",\"@id\":\"https:\/\/www.colonmontajes.com\/index.php\/product\/mesa-fria-4-puertas-2230x700x715mm\/#breadcrumb\",\"itemListElement\":[{\"@type\":\"ListItem\",\"position\":1,\"name\":\"Portada\",\"item\":\"https:\/\/www.colonmontajes.com\/\"},{\"@type\":\"ListItem\",\"position\":2,\"name\":\"Tienda\",\"item\":\"https:\/\/www.colonmontajes.com\/index.php\/tienda\/\"},{\"@type\":\"ListItem\",\"position\":3,\"name\":\"MESA FRIA 4 PUERTAS 2230X700X715mm\"}]},{\"@type\":\"WebSite\",\"@id\":\"https:\/\/www.colonmontajes.com\/#website\",\"url\":\"https:\/\/www.colonmontajes.com\/\",\"name\":\"Col\u00f3n Montajes\",\"description\":\"Expertos en equipamiento de maquinaria de hosteler\u00eda\",\"potentialAction\":[{\"@type\":\"SearchAction\",\"target\":{\"@type\":\"EntryPoint\",\"urlTemplate\":\"https:\/\/www.colonmontajes.com\/?s={search_term_string}\"},\"query-input\":{\"@type\":\"PropertyValueSpecification\",\"valueRequired\":true,\"valueName\":\"search_term_string\"}}],\"inLanguage\":\"es\"}]}<\/script>\n<!-- \/ Yoast SEO plugin. -->","yoast_head_json":{"title":"MESA FRIA 4 PUERTAS 2230X700X715mm - Col\u00f3n Montajes","robots":{"index":"index","follow":"follow","max-snippet":"max-snippet:-1","max-image-preview":"max-image-preview:large","max-video-preview":"max-video-preview:-1"},"canonical":"https:\/\/www.colonmontajes.com\/index.php\/product\/mesa-fria-4-puertas-2230x700x715mm\/","og_locale":"es_ES","og_type":"article","og_title":"MESA FRIA 4 PUERTAS 2230X700X715mm - Col\u00f3n Montajes","og_description":"HAY OPCION DE CONGELADOR TAMBIEN CLASE CLIM\u00c1TICA\u00a0 \u00a0(A Y C) Climate class 5 (40\u00b0C 40%) 5 (40\u00b0C 40%) 4 (30\u00b0 55%) DIMENSIONES PRODUCTO (mm) Product dimensions (mm) L\u00d7W\u00d7H 2230\u00d7700\u00d7715 DIMENSIONES EMBALAJE (mm) Packaging dimensions (mm) L\u00d7W\u00d7H 2285\u00d7755\u00d7885 Tope (mm) A\u00d7P Upstand (mm) H\u00d7W &#8211; 100\u00d720 100&#215;20 PESO NETO (Kg) Net weight (Kg) 145 145 141 PESO BRUTO (Kg) Gross weight (Kg) 176 176 178 CAPACIDAD (L) Gross capacity (L) 560 560 560 TEMPERATURA (\u00b0C) Temperature (\u00b0C) -2\u00b0C \/ +8\u00b0C -2\u00b0C \/ +8\u00b0C -22\u00b0C \/ -18\u00b0C REJILLAS POR PUERTA Grids supplied per door 1 1 1 DIMENSIONES REJILLAS (mm) Grid size (mm) 330\u00d7555 330\u00d7555 330\u00d7555 M\u00c1XIMA CARGA POR REJILLA (Kg) Maximum load per grid (Kg) 18 18 18 TERMOSTATO Thermostat Dixell \/ Carel Dixell \/ Carel Dixell \/ Carel COMPRESOR Compressor Cubigel Cubigel Cubigel MODELO COMPRESOR Compressor model NUT55NA NUT55NA NUM90LA1 GAS REFRIGERANTE Refrigerant gas R290 Propane &#8211; GWP3 R290 Propane &#8211; GWP3 R290 Propane &#8211; GWP3 CONSUMO ANUAL (KWh\/a\u00f1o) Annual consumption (KWh\/Year) 697 697 2237 VOLTAJE (V \/ Hz \/ Ph) Voltage (V\/Hz\/Ph) 220-240\/50\/1 220-240\/50\/1 220-240\/50\/1 POTENCIA (W) Power (W) 400 400 600 TIPO REFRIGERACI\u00d3N Cooling method Ventilado \/ Ventilated Ventilado \/ Ventilated Ventilado \/ Ventilated ESPESOR DEL AISLAMIENTO (mm) Insulation thickness (mm) 60 60 60 DESCONGELAMIENTO Defrosting Aire \/ Air Defrost Aire \/ Air Defrost Gas Caliente \/ Hot Gas Defrost","og_url":"https:\/\/www.colonmontajes.com\/index.php\/product\/mesa-fria-4-puertas-2230x700x715mm\/","og_site_name":"Col\u00f3n Montajes","article_modified_time":"2025-02-11T08:59:54+00:00","og_image":[{"width":408,"height":171,"url":"https:\/\/www.colonmontajes.com\/wp-content\/uploads\/2025\/02\/MESA-FRIA-4-PUERTAS.jpg","type":"image\/jpeg"}],"twitter_card":"summary_large_image","twitter_misc":{"Tiempo de lectura":"1 minuto"},"schema":{"@context":"https:\/\/schema.org","@graph":[{"@type":"WebPage","@id":"https:\/\/www.colonmontajes.com\/index.php\/product\/mesa-fria-4-puertas-2230x700x715mm\/","url":"https:\/\/www.colonmontajes.com\/index.php\/product\/mesa-fria-4-puertas-2230x700x715mm\/","name":"MESA FRIA 4 PUERTAS 2230X700X715mm - Col\u00f3n Montajes","isPartOf":{"@id":"https:\/\/www.colonmontajes.com\/#website"},"primaryImageOfPage":{"@id":"https:\/\/www.colonmontajes.com\/index.php\/product\/mesa-fria-4-puertas-2230x700x715mm\/#primaryimage"},"image":{"@id":"https:\/\/www.colonmontajes.com\/index.php\/product\/mesa-fria-4-puertas-2230x700x715mm\/#primaryimage"},"thumbnailUrl":"https:\/\/www.colonmontajes.com\/wp-content\/uploads\/2025\/02\/MESA-FRIA-4-PUERTAS.jpg","datePublished":"2025-02-11T07:23:31+00:00","dateModified":"2025-02-11T08:59:54+00:00","breadcrumb":{"@id":"https:\/\/www.colonmontajes.com\/index.php\/product\/mesa-fria-4-puertas-2230x700x715mm\/#breadcrumb"},"inLanguage":"es","potentialAction":[{"@type":"ReadAction","target":["https:\/\/www.colonmontajes.com\/index.php\/product\/mesa-fria-4-puertas-2230x700x715mm\/"]}]},{"@type":"ImageObject","inLanguage":"es","@id":"https:\/\/www.colonmontajes.com\/index.php\/product\/mesa-fria-4-puertas-2230x700x715mm\/#primaryimage","url":"https:\/\/www.colonmontajes.com\/wp-content\/uploads\/2025\/02\/MESA-FRIA-4-PUERTAS.jpg","contentUrl":"https:\/\/www.colonmontajes.com\/wp-content\/uploads\/2025\/02\/MESA-FRIA-4-PUERTAS.jpg","width":408,"height":171},{"@type":"BreadcrumbList","@id":"https:\/\/www.colonmontajes.com\/index.php\/product\/mesa-fria-4-puertas-2230x700x715mm\/#breadcrumb","itemListElement":[{"@type":"ListItem","position":1,"name":"Portada","item":"https:\/\/www.colonmontajes.com\/"},{"@type":"ListItem","position":2,"name":"Tienda","item":"https:\/\/www.colonmontajes.com\/index.php\/tienda\/"},{"@type":"ListItem","position":3,"name":"MESA FRIA 4 PUERTAS 2230X700X715mm"}]},{"@type":"WebSite","@id":"https:\/\/www.colonmontajes.com\/#website","url":"https:\/\/www.colonmontajes.com\/","name":"Col\u00f3n Montajes","description":"Expertos en equipamiento de maquinaria de hosteler\u00eda","potentialAction":[{"@type":"SearchAction","target":{"@type":"EntryPoint","urlTemplate":"https:\/\/www.colonmontajes.com\/?s={search_term_string}"},"query-input":{"@type":"PropertyValueSpecification","valueRequired":true,"valueName":"search_term_string"}}],"inLanguage":"es"}]}},"_links":{"self":[{"href":"https:\/\/www.colonmontajes.com\/index.php\/wp-json\/wp\/v2\/product\/2302","targetHints":{"allow":["GET"]}}],"collection":[{"href":"https:\/\/www.colonmontajes.com\/index.php\/wp-json\/wp\/v2\/product"}],"about":[{"href":"https:\/\/www.colonmontajes.com\/index.php\/wp-json\/wp\/v2\/types\/product"}],"wp:featuredmedia":[{"embeddable":true,"href":"https:\/\/www.colonmontajes.com\/index.php\/wp-json\/wp\/v2\/media\/2303"}],"wp:attachment":[{"href":"https:\/\/www.colonmontajes.com\/index.php\/wp-json\/wp\/v2\/media?parent=2302"}],"wp:term":[{"taxonomy":"product_brand","embeddable":true,"href":"https:\/\/www.colonmontajes.com\/index.php\/wp-json\/wp\/v2\/product_brand?post=2302"},{"taxonomy":"product_cat","embeddable":true,"href":"https:\/\/www.colonmontajes.com\/index.php\/wp-json\/wp\/v2\/product_cat?post=2302"},{"taxonomy":"product_tag","embeddable":true,"href":"https:\/\/www.colonmontajes.com\/index.php\/wp-json\/wp\/v2\/product_tag?post=2302"}],"curies":[{"name":"wp","href":"https:\/\/api.w.org\/{rel}","templated":true}]}}