{"id":1750,"date":"2024-03-12T11:56:14","date_gmt":"2024-03-12T11:56:14","guid":{"rendered":"https:\/\/www.colonmontajes.com\/?post_type=product&#038;p=1750"},"modified":"2024-05-17T10:37:23","modified_gmt":"2024-05-17T10:37:23","slug":"lavavasos-industrial-cesta-40x40-ch400eco","status":"publish","type":"product","link":"https:\/\/www.colonmontajes.com\/index.php\/product\/lavavasos-industrial-cesta-40x40-ch400eco\/","title":{"rendered":"Lavavasos Industrial Cesta 40&#215;40"},"content":{"rendered":"<ul>\n<li>Fabricado interior y exteriormente, incluyendo el chasis, el panel y la caldera, en acero inoxidable.<\/li>\n<li>Equipado con brazos giratorios de lavado por la parte inferior y de aclarado en la parte superior e inferior. Material de gran resistencia y f\u00e1cil manipulaci\u00f3n para su limpieza y mantenimiento.<\/li>\n<li>Patas ajustables y de acero inoxidable.<\/li>\n<li>Dosificador de abrillantador autom\u00e1tico incluido.<\/li>\n<li>Tanque de lavado se llena de forma autom\u00e1tica y continua<\/li>\n<li>Temperaturas de lavado y agua de enjuague se controlan autom\u00e1ticamente mediante 2 termostatos que trabajan de forma indepen-<br \/>\ndiente.<\/li>\n<li>Su rendimiento y eficiencia son m\u00e1s altos que los de sus competidores.<\/li>\n<li>Duraci\u00f3n de programa de 120 segundos.<\/li>\n<li>Bomba resistente al detergente y agua caliente<\/li>\n<li>Aislamiento de la caldera en fibra de vidrio que reduce las p\u00e9rdidas de calor al m\u00ednimo, as\u00ed se evita el desperdicio de energ\u00eda<\/li>\n<li>Sistema totalmente asegurado por medio de protectores t\u00e9rmicos.<\/li>\n<li>F\u00e1cil acceso al panel el\u00e9ctrico, el mantenimiento y su inspecci\u00f3n.<\/li>\n<li>Bot\u00f3n de seguridad por apertura de puerta.<\/li>\n<li>Producci\u00f3n te\u00f3rica 1000\/1200 vasos\/hora.<\/li>\n<li>Consumo agua por ciclo: 2,5 litros<\/li>\n<li>Presi\u00f3n de agua apto funcionamiento: 2-4 bares<\/li>\n<li>Capacidad de la cuba: 11 litros.<\/li>\n<li>Temperatura de lavado: 50-55\u00b0C.<\/li>\n<li>Temperatura de aclarado: 80-85\u00b0C.<\/li>\n<li>Altura del desag\u00fce al suelo: 5 cm.<\/li>\n<li>Potencia resistencia de la cuba: 1800W.<\/li>\n<li>Potencia resistencia del calder\u00edn: 3000W.<\/li>\n<li>Equipado con bomba de desag\u00fce en CH400ECOB.<\/li>\n<\/ul>\n<p>&nbsp;<\/p>\n<p><strong>ACCESORIOS INCLUIDOS<\/strong><\/p>\n<ul>\n<li>2 Cestos de vasos 40&#215;40 cm.<\/li>\n<li>1 Tubo de carga.<\/li>\n<li>1 Tubo de desag\u00fce.<\/li>\n<\/ul>\n","protected":false},"excerpt":{"rendered":"<ul>\n<li>AlturaVajilla (mm): 285<\/li>\n<li>Producci\u00f3n Cestas\/Hora: 30<\/li>\n<li>Potencia (kW): 3,20<\/li>\n<li>Potencia bomba (kW): 0,25<\/li>\n<li>Tensi\u00f3n (V): 230<\/li>\n<li>Equipado con bomba de desag\u00fce en <strong>CH400ECOB<\/strong>.<\/li>\n<\/ul>\n","protected":false},"featured_media":1751,"template":"","meta":[],"product_brand":[],"product_cat":[33],"product_tag":[],"class_list":{"0":"post-1750","1":"product","2":"type-product","3":"status-publish","4":"has-post-thumbnail","6":"product_cat-lavavajillas","8":"first","9":"instock","10":"taxable","11":"shipping-taxable","12":"purchasable","13":"product-type-variable"},"yoast_head":"<!-- This site is optimized with the Yoast SEO plugin v25.4 - https:\/\/yoast.com\/wordpress\/plugins\/seo\/ -->\n<title>Lavavasos Industrial Cesta 40x40 - Col\u00f3n Montajes<\/title>\n<meta name=\"robots\" content=\"index, follow, max-snippet:-1, max-image-preview:large, max-video-preview:-1\" \/>\n<link rel=\"canonical\" href=\"https:\/\/www.colonmontajes.com\/index.php\/product\/lavavasos-industrial-cesta-40x40-ch400eco\/\" \/>\n<meta property=\"og:locale\" content=\"es_ES\" \/>\n<meta property=\"og:type\" content=\"article\" \/>\n<meta property=\"og:title\" content=\"Lavavasos Industrial Cesta 40x40 - Col\u00f3n Montajes\" \/>\n<meta property=\"og:description\" content=\"AlturaVajilla (mm): 285  Producci\u00f3n Cestas\/Hora: 30  Potencia (kW): 3,20  Potencia bomba (kW): 0,25  Tensi\u00f3n (V): 230  Equipado con bomba de desag\u00fce en CH400ECOB.\" \/>\n<meta property=\"og:url\" content=\"https:\/\/www.colonmontajes.com\/index.php\/product\/lavavasos-industrial-cesta-40x40-ch400eco\/\" \/>\n<meta property=\"og:site_name\" content=\"Col\u00f3n Montajes\" \/>\n<meta property=\"article:modified_time\" content=\"2024-05-17T10:37:23+00:00\" \/>\n<meta property=\"og:image\" content=\"https:\/\/www.colonmontajes.com\/wp-content\/uploads\/2024\/03\/Lavavajillas-5A.png\" \/>\n\t<meta property=\"og:image:width\" content=\"600\" \/>\n\t<meta property=\"og:image:height\" content=\"600\" \/>\n\t<meta property=\"og:image:type\" content=\"image\/png\" \/>\n<meta name=\"twitter:card\" content=\"summary_large_image\" \/>\n<meta name=\"twitter:label1\" content=\"Tiempo de lectura\" \/>\n\t<meta name=\"twitter:data1\" content=\"1 minuto\" \/>\n<script type=\"application\/ld+json\" class=\"yoast-schema-graph\">{\"@context\":\"https:\/\/schema.org\",\"@graph\":[{\"@type\":\"WebPage\",\"@id\":\"https:\/\/www.colonmontajes.com\/index.php\/product\/lavavasos-industrial-cesta-40x40-ch400eco\/\",\"url\":\"https:\/\/www.colonmontajes.com\/index.php\/product\/lavavasos-industrial-cesta-40x40-ch400eco\/\",\"name\":\"Lavavasos Industrial Cesta 40x40 - Col\u00f3n Montajes\",\"isPartOf\":{\"@id\":\"https:\/\/www.colonmontajes.com\/#website\"},\"primaryImageOfPage\":{\"@id\":\"https:\/\/www.colonmontajes.com\/index.php\/product\/lavavasos-industrial-cesta-40x40-ch400eco\/#primaryimage\"},\"image\":{\"@id\":\"https:\/\/www.colonmontajes.com\/index.php\/product\/lavavasos-industrial-cesta-40x40-ch400eco\/#primaryimage\"},\"thumbnailUrl\":\"https:\/\/www.colonmontajes.com\/wp-content\/uploads\/2024\/03\/Lavavajillas-5A.png\",\"datePublished\":\"2024-03-12T11:56:14+00:00\",\"dateModified\":\"2024-05-17T10:37:23+00:00\",\"breadcrumb\":{\"@id\":\"https:\/\/www.colonmontajes.com\/index.php\/product\/lavavasos-industrial-cesta-40x40-ch400eco\/#breadcrumb\"},\"inLanguage\":\"es\",\"potentialAction\":[{\"@type\":\"ReadAction\",\"target\":[\"https:\/\/www.colonmontajes.com\/index.php\/product\/lavavasos-industrial-cesta-40x40-ch400eco\/\"]}]},{\"@type\":\"ImageObject\",\"inLanguage\":\"es\",\"@id\":\"https:\/\/www.colonmontajes.com\/index.php\/product\/lavavasos-industrial-cesta-40x40-ch400eco\/#primaryimage\",\"url\":\"https:\/\/www.colonmontajes.com\/wp-content\/uploads\/2024\/03\/Lavavajillas-5A.png\",\"contentUrl\":\"https:\/\/www.colonmontajes.com\/wp-content\/uploads\/2024\/03\/Lavavajillas-5A.png\",\"width\":600,\"height\":600},{\"@type\":\"BreadcrumbList\",\"@id\":\"https:\/\/www.colonmontajes.com\/index.php\/product\/lavavasos-industrial-cesta-40x40-ch400eco\/#breadcrumb\",\"itemListElement\":[{\"@type\":\"ListItem\",\"position\":1,\"name\":\"Portada\",\"item\":\"https:\/\/www.colonmontajes.com\/\"},{\"@type\":\"ListItem\",\"position\":2,\"name\":\"Tienda\",\"item\":\"https:\/\/www.colonmontajes.com\/index.php\/tienda\/\"},{\"@type\":\"ListItem\",\"position\":3,\"name\":\"Lavavasos Industrial Cesta 40&#215;40\"}]},{\"@type\":\"WebSite\",\"@id\":\"https:\/\/www.colonmontajes.com\/#website\",\"url\":\"https:\/\/www.colonmontajes.com\/\",\"name\":\"Col\u00f3n Montajes\",\"description\":\"Expertos en equipamiento de maquinaria de hosteler\u00eda\",\"potentialAction\":[{\"@type\":\"SearchAction\",\"target\":{\"@type\":\"EntryPoint\",\"urlTemplate\":\"https:\/\/www.colonmontajes.com\/?s={search_term_string}\"},\"query-input\":{\"@type\":\"PropertyValueSpecification\",\"valueRequired\":true,\"valueName\":\"search_term_string\"}}],\"inLanguage\":\"es\"}]}<\/script>\n<!-- \/ Yoast SEO plugin. -->","yoast_head_json":{"title":"Lavavasos Industrial Cesta 40x40 - Col\u00f3n Montajes","robots":{"index":"index","follow":"follow","max-snippet":"max-snippet:-1","max-image-preview":"max-image-preview:large","max-video-preview":"max-video-preview:-1"},"canonical":"https:\/\/www.colonmontajes.com\/index.php\/product\/lavavasos-industrial-cesta-40x40-ch400eco\/","og_locale":"es_ES","og_type":"article","og_title":"Lavavasos Industrial Cesta 40x40 - Col\u00f3n Montajes","og_description":"AlturaVajilla (mm): 285  Producci\u00f3n Cestas\/Hora: 30  Potencia (kW): 3,20  Potencia bomba (kW): 0,25  Tensi\u00f3n (V): 230  Equipado con bomba de desag\u00fce en CH400ECOB.","og_url":"https:\/\/www.colonmontajes.com\/index.php\/product\/lavavasos-industrial-cesta-40x40-ch400eco\/","og_site_name":"Col\u00f3n Montajes","article_modified_time":"2024-05-17T10:37:23+00:00","og_image":[{"width":600,"height":600,"url":"https:\/\/www.colonmontajes.com\/wp-content\/uploads\/2024\/03\/Lavavajillas-5A.png","type":"image\/png"}],"twitter_card":"summary_large_image","twitter_misc":{"Tiempo de lectura":"1 minuto"},"schema":{"@context":"https:\/\/schema.org","@graph":[{"@type":"WebPage","@id":"https:\/\/www.colonmontajes.com\/index.php\/product\/lavavasos-industrial-cesta-40x40-ch400eco\/","url":"https:\/\/www.colonmontajes.com\/index.php\/product\/lavavasos-industrial-cesta-40x40-ch400eco\/","name":"Lavavasos Industrial Cesta 40x40 - Col\u00f3n Montajes","isPartOf":{"@id":"https:\/\/www.colonmontajes.com\/#website"},"primaryImageOfPage":{"@id":"https:\/\/www.colonmontajes.com\/index.php\/product\/lavavasos-industrial-cesta-40x40-ch400eco\/#primaryimage"},"image":{"@id":"https:\/\/www.colonmontajes.com\/index.php\/product\/lavavasos-industrial-cesta-40x40-ch400eco\/#primaryimage"},"thumbnailUrl":"https:\/\/www.colonmontajes.com\/wp-content\/uploads\/2024\/03\/Lavavajillas-5A.png","datePublished":"2024-03-12T11:56:14+00:00","dateModified":"2024-05-17T10:37:23+00:00","breadcrumb":{"@id":"https:\/\/www.colonmontajes.com\/index.php\/product\/lavavasos-industrial-cesta-40x40-ch400eco\/#breadcrumb"},"inLanguage":"es","potentialAction":[{"@type":"ReadAction","target":["https:\/\/www.colonmontajes.com\/index.php\/product\/lavavasos-industrial-cesta-40x40-ch400eco\/"]}]},{"@type":"ImageObject","inLanguage":"es","@id":"https:\/\/www.colonmontajes.com\/index.php\/product\/lavavasos-industrial-cesta-40x40-ch400eco\/#primaryimage","url":"https:\/\/www.colonmontajes.com\/wp-content\/uploads\/2024\/03\/Lavavajillas-5A.png","contentUrl":"https:\/\/www.colonmontajes.com\/wp-content\/uploads\/2024\/03\/Lavavajillas-5A.png","width":600,"height":600},{"@type":"BreadcrumbList","@id":"https:\/\/www.colonmontajes.com\/index.php\/product\/lavavasos-industrial-cesta-40x40-ch400eco\/#breadcrumb","itemListElement":[{"@type":"ListItem","position":1,"name":"Portada","item":"https:\/\/www.colonmontajes.com\/"},{"@type":"ListItem","position":2,"name":"Tienda","item":"https:\/\/www.colonmontajes.com\/index.php\/tienda\/"},{"@type":"ListItem","position":3,"name":"Lavavasos Industrial Cesta 40&#215;40"}]},{"@type":"WebSite","@id":"https:\/\/www.colonmontajes.com\/#website","url":"https:\/\/www.colonmontajes.com\/","name":"Col\u00f3n Montajes","description":"Expertos en equipamiento de maquinaria de hosteler\u00eda","potentialAction":[{"@type":"SearchAction","target":{"@type":"EntryPoint","urlTemplate":"https:\/\/www.colonmontajes.com\/?s={search_term_string}"},"query-input":{"@type":"PropertyValueSpecification","valueRequired":true,"valueName":"search_term_string"}}],"inLanguage":"es"}]}},"_links":{"self":[{"href":"https:\/\/www.colonmontajes.com\/index.php\/wp-json\/wp\/v2\/product\/1750","targetHints":{"allow":["GET"]}}],"collection":[{"href":"https:\/\/www.colonmontajes.com\/index.php\/wp-json\/wp\/v2\/product"}],"about":[{"href":"https:\/\/www.colonmontajes.com\/index.php\/wp-json\/wp\/v2\/types\/product"}],"wp:featuredmedia":[{"embeddable":true,"href":"https:\/\/www.colonmontajes.com\/index.php\/wp-json\/wp\/v2\/media\/1751"}],"wp:attachment":[{"href":"https:\/\/www.colonmontajes.com\/index.php\/wp-json\/wp\/v2\/media?parent=1750"}],"wp:term":[{"taxonomy":"product_brand","embeddable":true,"href":"https:\/\/www.colonmontajes.com\/index.php\/wp-json\/wp\/v2\/product_brand?post=1750"},{"taxonomy":"product_cat","embeddable":true,"href":"https:\/\/www.colonmontajes.com\/index.php\/wp-json\/wp\/v2\/product_cat?post=1750"},{"taxonomy":"product_tag","embeddable":true,"href":"https:\/\/www.colonmontajes.com\/index.php\/wp-json\/wp\/v2\/product_tag?post=1750"}],"curies":[{"name":"wp","href":"https:\/\/api.w.org\/{rel}","templated":true}]}}