{"id":1747,"date":"2024-03-12T11:44:02","date_gmt":"2024-03-12T11:44:02","guid":{"rendered":"https:\/\/www.colonmontajes.com\/?post_type=product&#038;p=1747"},"modified":"2024-05-17T10:39:26","modified_gmt":"2024-05-17T10:39:26","slug":"lavavajillas-industrial-cesta-50x50-st500","status":"publish","type":"product","link":"https:\/\/www.colonmontajes.com\/index.php\/product\/lavavajillas-industrial-cesta-50x50-st500\/","title":{"rendered":"Lavavajillas industrial Cesta 50&#215;50"},"content":{"rendered":"<ul>\n<li>Lavavajillas profesional fabricado en acero inoxidable tanto en interior como en exterior.<\/li>\n<li>Control electromec\u00e1nico de gran eficiencia con el m\u00ednimo consumo el\u00e9ctrico y de agua.<\/li>\n<li>Sistema universal de alimentaci\u00f3n el\u00e9ctrica: ajustable para 220-230V monof\u00e1sico y 380-400V trif\u00e1sico.<\/li>\n<li>Dise\u00f1o moderno y muy pr\u00e1ctico con asa de apertura integrada en la misma.<\/li>\n<li>Sistema de manejo muy intuitivo con se\u00f1alizaci\u00f3n por l\u00e1ser legible y duradera.<\/li>\n<li>Equipado con brazos de lavado inferiores y superiores en acero inoxidable y brazos de aclarado inferiores y superiores en material anti-<br \/>\nquimicos.<\/li>\n<li>Altura de la c\u00e1mara de lavado adaptada para lavar vajilla de hasta 32 cm. de altura.<\/li>\n<li>F\u00e1cil acceso al panel el\u00e9ctrico, el mantenimiento y su inspecci\u00f3n.<\/li>\n<li>Dosificador de abrillantador perist\u00e1ltico incluido<\/li>\n<li>Temperaturas de lavado y agua de enjuague se controlan autom\u00e1ticamente mediante 2 termostatos que trabajan de forma indepen-<br \/>\ndiente.<\/li>\n<li>Dispone de 2 programas de lavado de 120 y 180 segundos.<\/li>\n<li>Sistema totalmente asegurado por medio de protectores t\u00e9rmicos.<\/li>\n<li>Se\u00f1al ac\u00fastica de finalizaci\u00f3n de ciclo de lavado.<\/li>\n<li>Bot\u00f3n de seguridad por apertura de puerta.<\/li>\n<li>Consumo agua por ciclo: 2,5 litros.<\/li>\n<li>Presi\u00f3n de agua apto funcionamiento: 2-4 bares<\/li>\n<li>Capacidad del calder\u00edn: 5,5 litros.<\/li>\n<li>Capacidad de la cuba: 26 litros.<\/li>\n<li>Temperatura de lavado: 60-65\u00b0C.<\/li>\n<li>Temperatura de aclarado: 82-90\u00b0C.<\/li>\n<li>Potencia resistencia de la cuba: 2000 W.<\/li>\n<li>Potencia resistencia del calder\u00edn: 3000 W (230V\/1F) &#8211; 4500 W (400\/3F).<\/li>\n<li>Consumo m\u00e1ximo de energ\u00eda: 2800 W (230V\/1F) &#8211; 4900 W (400\/3F).<\/li>\n<li>Tipo de cable de alimentaci\u00f3n: 3&#215;2,5 mm. (230V\/1F) -5&#215;1,5 mm. (400\/3F).<\/li>\n<li>Equipado con bomba de desag\u00fce en ST500B.<br \/>\nIMPORTANTE: Es obligatoria la instalaci\u00f3n de un descalficicador si la dureza del agua en la red de suministro supera los 5-6 dH.<\/li>\n<\/ul>\n<p><strong>ACCESORIOS INCLUIDOS:<\/strong><\/p>\n<ul>\n<li>1 Cesto de platos 50&#215;50 cm.<\/li>\n<li>1 Cesta universal 50&#215;50 cm.<\/li>\n<li>1 Cesto de cubiertos.<\/li>\n<li>1 Tubo de carga.<\/li>\n<li>1 Tubo de desag\u00fce<\/li>\n<\/ul>\n<p>&nbsp;<\/p>\n","protected":false},"excerpt":{"rendered":"<ul>\n<li>Altura vajilla (mm): 320<\/li>\n<li>Producci\u00f3n Cestas\/hora: 30 &#8211; 20<\/li>\n<li>Potencia (kW) 220V\/1F: 3,40<\/li>\n<li>Potencia (kW) 380V\/3F: 4,90<\/li>\n<li>Potencia bomba (kW): 0,40<\/li>\n<li>Tensi\u00f3n (V): 230\/400<\/li>\n<li>Equipado con bomba de desag\u00fce en <strong>ST500B<\/strong><\/li>\n<\/ul>\n","protected":false},"featured_media":1748,"template":"","meta":[],"product_brand":[],"product_cat":[33],"product_tag":[],"class_list":{"0":"post-1747","1":"product","2":"type-product","3":"status-publish","4":"has-post-thumbnail","6":"product_cat-lavavajillas","8":"first","9":"instock","10":"taxable","11":"shipping-taxable","12":"purchasable","13":"product-type-variable"},"yoast_head":"<!-- This site is optimized with the Yoast SEO plugin v25.4 - https:\/\/yoast.com\/wordpress\/plugins\/seo\/ -->\n<title>Lavavajillas industrial Cesta 50x50 - Col\u00f3n Montajes<\/title>\n<meta name=\"robots\" content=\"index, follow, max-snippet:-1, max-image-preview:large, max-video-preview:-1\" \/>\n<link rel=\"canonical\" href=\"https:\/\/www.colonmontajes.com\/index.php\/product\/lavavajillas-industrial-cesta-50x50-st500\/\" \/>\n<meta property=\"og:locale\" content=\"es_ES\" \/>\n<meta property=\"og:type\" content=\"article\" \/>\n<meta property=\"og:title\" content=\"Lavavajillas industrial Cesta 50x50 - Col\u00f3n Montajes\" \/>\n<meta property=\"og:description\" content=\"Altura vajilla (mm): 320  Producci\u00f3n Cestas\/hora: 30 - 20  Potencia (kW) 220V\/1F: 3,40  Potencia (kW) 380V\/3F: 4,90  Potencia bomba (kW): 0,40  Tensi\u00f3n (V): 230\/400  Equipado con bomba de desag\u00fce en ST500B\" \/>\n<meta property=\"og:url\" content=\"https:\/\/www.colonmontajes.com\/index.php\/product\/lavavajillas-industrial-cesta-50x50-st500\/\" \/>\n<meta property=\"og:site_name\" content=\"Col\u00f3n Montajes\" \/>\n<meta property=\"article:modified_time\" content=\"2024-05-17T10:39:26+00:00\" \/>\n<meta property=\"og:image\" content=\"https:\/\/www.colonmontajes.com\/wp-content\/uploads\/2024\/03\/Lavavajillas-4A.png\" \/>\n\t<meta property=\"og:image:width\" content=\"600\" \/>\n\t<meta property=\"og:image:height\" content=\"600\" \/>\n\t<meta property=\"og:image:type\" content=\"image\/png\" \/>\n<meta name=\"twitter:card\" content=\"summary_large_image\" \/>\n<meta name=\"twitter:label1\" content=\"Tiempo de lectura\" \/>\n\t<meta name=\"twitter:data1\" content=\"2 minutos\" \/>\n<script type=\"application\/ld+json\" class=\"yoast-schema-graph\">{\"@context\":\"https:\/\/schema.org\",\"@graph\":[{\"@type\":\"WebPage\",\"@id\":\"https:\/\/www.colonmontajes.com\/index.php\/product\/lavavajillas-industrial-cesta-50x50-st500\/\",\"url\":\"https:\/\/www.colonmontajes.com\/index.php\/product\/lavavajillas-industrial-cesta-50x50-st500\/\",\"name\":\"Lavavajillas industrial Cesta 50x50 - Col\u00f3n Montajes\",\"isPartOf\":{\"@id\":\"https:\/\/www.colonmontajes.com\/#website\"},\"primaryImageOfPage\":{\"@id\":\"https:\/\/www.colonmontajes.com\/index.php\/product\/lavavajillas-industrial-cesta-50x50-st500\/#primaryimage\"},\"image\":{\"@id\":\"https:\/\/www.colonmontajes.com\/index.php\/product\/lavavajillas-industrial-cesta-50x50-st500\/#primaryimage\"},\"thumbnailUrl\":\"https:\/\/www.colonmontajes.com\/wp-content\/uploads\/2024\/03\/Lavavajillas-4A.png\",\"datePublished\":\"2024-03-12T11:44:02+00:00\",\"dateModified\":\"2024-05-17T10:39:26+00:00\",\"breadcrumb\":{\"@id\":\"https:\/\/www.colonmontajes.com\/index.php\/product\/lavavajillas-industrial-cesta-50x50-st500\/#breadcrumb\"},\"inLanguage\":\"es\",\"potentialAction\":[{\"@type\":\"ReadAction\",\"target\":[\"https:\/\/www.colonmontajes.com\/index.php\/product\/lavavajillas-industrial-cesta-50x50-st500\/\"]}]},{\"@type\":\"ImageObject\",\"inLanguage\":\"es\",\"@id\":\"https:\/\/www.colonmontajes.com\/index.php\/product\/lavavajillas-industrial-cesta-50x50-st500\/#primaryimage\",\"url\":\"https:\/\/www.colonmontajes.com\/wp-content\/uploads\/2024\/03\/Lavavajillas-4A.png\",\"contentUrl\":\"https:\/\/www.colonmontajes.com\/wp-content\/uploads\/2024\/03\/Lavavajillas-4A.png\",\"width\":600,\"height\":600},{\"@type\":\"BreadcrumbList\",\"@id\":\"https:\/\/www.colonmontajes.com\/index.php\/product\/lavavajillas-industrial-cesta-50x50-st500\/#breadcrumb\",\"itemListElement\":[{\"@type\":\"ListItem\",\"position\":1,\"name\":\"Portada\",\"item\":\"https:\/\/www.colonmontajes.com\/\"},{\"@type\":\"ListItem\",\"position\":2,\"name\":\"Tienda\",\"item\":\"https:\/\/www.colonmontajes.com\/index.php\/tienda\/\"},{\"@type\":\"ListItem\",\"position\":3,\"name\":\"Lavavajillas industrial Cesta 50&#215;50\"}]},{\"@type\":\"WebSite\",\"@id\":\"https:\/\/www.colonmontajes.com\/#website\",\"url\":\"https:\/\/www.colonmontajes.com\/\",\"name\":\"Col\u00f3n Montajes\",\"description\":\"Expertos en equipamiento de maquinaria de hosteler\u00eda\",\"potentialAction\":[{\"@type\":\"SearchAction\",\"target\":{\"@type\":\"EntryPoint\",\"urlTemplate\":\"https:\/\/www.colonmontajes.com\/?s={search_term_string}\"},\"query-input\":{\"@type\":\"PropertyValueSpecification\",\"valueRequired\":true,\"valueName\":\"search_term_string\"}}],\"inLanguage\":\"es\"}]}<\/script>\n<!-- \/ Yoast SEO plugin. -->","yoast_head_json":{"title":"Lavavajillas industrial Cesta 50x50 - Col\u00f3n Montajes","robots":{"index":"index","follow":"follow","max-snippet":"max-snippet:-1","max-image-preview":"max-image-preview:large","max-video-preview":"max-video-preview:-1"},"canonical":"https:\/\/www.colonmontajes.com\/index.php\/product\/lavavajillas-industrial-cesta-50x50-st500\/","og_locale":"es_ES","og_type":"article","og_title":"Lavavajillas industrial Cesta 50x50 - Col\u00f3n Montajes","og_description":"Altura vajilla (mm): 320  Producci\u00f3n Cestas\/hora: 30 - 20  Potencia (kW) 220V\/1F: 3,40  Potencia (kW) 380V\/3F: 4,90  Potencia bomba (kW): 0,40  Tensi\u00f3n (V): 230\/400  Equipado con bomba de desag\u00fce en ST500B","og_url":"https:\/\/www.colonmontajes.com\/index.php\/product\/lavavajillas-industrial-cesta-50x50-st500\/","og_site_name":"Col\u00f3n Montajes","article_modified_time":"2024-05-17T10:39:26+00:00","og_image":[{"width":600,"height":600,"url":"https:\/\/www.colonmontajes.com\/wp-content\/uploads\/2024\/03\/Lavavajillas-4A.png","type":"image\/png"}],"twitter_card":"summary_large_image","twitter_misc":{"Tiempo de lectura":"2 minutos"},"schema":{"@context":"https:\/\/schema.org","@graph":[{"@type":"WebPage","@id":"https:\/\/www.colonmontajes.com\/index.php\/product\/lavavajillas-industrial-cesta-50x50-st500\/","url":"https:\/\/www.colonmontajes.com\/index.php\/product\/lavavajillas-industrial-cesta-50x50-st500\/","name":"Lavavajillas industrial Cesta 50x50 - Col\u00f3n Montajes","isPartOf":{"@id":"https:\/\/www.colonmontajes.com\/#website"},"primaryImageOfPage":{"@id":"https:\/\/www.colonmontajes.com\/index.php\/product\/lavavajillas-industrial-cesta-50x50-st500\/#primaryimage"},"image":{"@id":"https:\/\/www.colonmontajes.com\/index.php\/product\/lavavajillas-industrial-cesta-50x50-st500\/#primaryimage"},"thumbnailUrl":"https:\/\/www.colonmontajes.com\/wp-content\/uploads\/2024\/03\/Lavavajillas-4A.png","datePublished":"2024-03-12T11:44:02+00:00","dateModified":"2024-05-17T10:39:26+00:00","breadcrumb":{"@id":"https:\/\/www.colonmontajes.com\/index.php\/product\/lavavajillas-industrial-cesta-50x50-st500\/#breadcrumb"},"inLanguage":"es","potentialAction":[{"@type":"ReadAction","target":["https:\/\/www.colonmontajes.com\/index.php\/product\/lavavajillas-industrial-cesta-50x50-st500\/"]}]},{"@type":"ImageObject","inLanguage":"es","@id":"https:\/\/www.colonmontajes.com\/index.php\/product\/lavavajillas-industrial-cesta-50x50-st500\/#primaryimage","url":"https:\/\/www.colonmontajes.com\/wp-content\/uploads\/2024\/03\/Lavavajillas-4A.png","contentUrl":"https:\/\/www.colonmontajes.com\/wp-content\/uploads\/2024\/03\/Lavavajillas-4A.png","width":600,"height":600},{"@type":"BreadcrumbList","@id":"https:\/\/www.colonmontajes.com\/index.php\/product\/lavavajillas-industrial-cesta-50x50-st500\/#breadcrumb","itemListElement":[{"@type":"ListItem","position":1,"name":"Portada","item":"https:\/\/www.colonmontajes.com\/"},{"@type":"ListItem","position":2,"name":"Tienda","item":"https:\/\/www.colonmontajes.com\/index.php\/tienda\/"},{"@type":"ListItem","position":3,"name":"Lavavajillas industrial Cesta 50&#215;50"}]},{"@type":"WebSite","@id":"https:\/\/www.colonmontajes.com\/#website","url":"https:\/\/www.colonmontajes.com\/","name":"Col\u00f3n Montajes","description":"Expertos en equipamiento de maquinaria de hosteler\u00eda","potentialAction":[{"@type":"SearchAction","target":{"@type":"EntryPoint","urlTemplate":"https:\/\/www.colonmontajes.com\/?s={search_term_string}"},"query-input":{"@type":"PropertyValueSpecification","valueRequired":true,"valueName":"search_term_string"}}],"inLanguage":"es"}]}},"_links":{"self":[{"href":"https:\/\/www.colonmontajes.com\/index.php\/wp-json\/wp\/v2\/product\/1747","targetHints":{"allow":["GET"]}}],"collection":[{"href":"https:\/\/www.colonmontajes.com\/index.php\/wp-json\/wp\/v2\/product"}],"about":[{"href":"https:\/\/www.colonmontajes.com\/index.php\/wp-json\/wp\/v2\/types\/product"}],"wp:featuredmedia":[{"embeddable":true,"href":"https:\/\/www.colonmontajes.com\/index.php\/wp-json\/wp\/v2\/media\/1748"}],"wp:attachment":[{"href":"https:\/\/www.colonmontajes.com\/index.php\/wp-json\/wp\/v2\/media?parent=1747"}],"wp:term":[{"taxonomy":"product_brand","embeddable":true,"href":"https:\/\/www.colonmontajes.com\/index.php\/wp-json\/wp\/v2\/product_brand?post=1747"},{"taxonomy":"product_cat","embeddable":true,"href":"https:\/\/www.colonmontajes.com\/index.php\/wp-json\/wp\/v2\/product_cat?post=1747"},{"taxonomy":"product_tag","embeddable":true,"href":"https:\/\/www.colonmontajes.com\/index.php\/wp-json\/wp\/v2\/product_tag?post=1747"}],"curies":[{"name":"wp","href":"https:\/\/api.w.org\/{rel}","templated":true}]}}