{"id":1744,"date":"2024-03-12T11:37:33","date_gmt":"2024-03-12T11:37:33","guid":{"rendered":"https:\/\/www.colonmontajes.com\/?post_type=product&#038;p=1744"},"modified":"2024-05-17T10:42:55","modified_gmt":"2024-05-17T10:42:55","slug":"lavavasos-industrial-cesta-50x50-ch500b","status":"publish","type":"product","link":"https:\/\/www.colonmontajes.com\/index.php\/product\/lavavasos-industrial-cesta-50x50-ch500b\/","title":{"rendered":"Lavavasos industrial Cesta 50&#215;50 CH500B"},"content":{"rendered":"<ul>\n<li>Lavaplatos \/ Lavavajillas para debajo de la barra o mostrador.<\/li>\n<li>Fabricado en Italia por lider europeo con mas de 1 mill\u00f3n de unidades funcionando en el mundo.<\/li>\n<li>Calidad, fiabilidad, durabilidad y bajo consumo.<\/li>\n<li>Consta de doble pared parcial con gu\u00edas embutidas que facilitan la limpieza diaria<\/li>\n<li>Extremadamente silenciosos gracias a su puerta de doble pared y a su bomba de doble flujo<\/li>\n<li>Brazos de lavado y aclarado superiores e inferiores con tecnologia EQUALIZER.<\/li>\n<li>Fondo de cuba estampado y filtro especial de la cuba de material heterog\u00e9neo antigolpe PROSTRAIN.<\/li>\n<li>Doble filtro de material heterog\u00e9neo en aspiraci\u00f3n de la bomba.<\/li>\n<li>Sistema de desag\u00fce de tecnolog\u00eda especial que mejora la eficiencia del recambio de agua de la cuba de m\u00e1s del 25%, manteni\u00e9ndola m\u00e1s<br \/>\nlimpia y consumiendo menos detergente. De esto modo los costes operativos se reducen.<\/li>\n<li>Se usan f\u00e1cilmente gracias a la interfaz con mandos electromec\u00e1nicos, al ciclo de lavado de uso general de 120 segundos y a la gran<br \/>\nsencillez a la hora de desmontar y volver a montar los brazos de lavado y aclarado, as\u00ed como el filtro de la cuba,<\/li>\n<li>Consumo agua por ciclo: 2,7 litros.<\/li>\n<li>Presi\u00f3n de agua apto funcionamiento: 2-4 bares.<\/li>\n<li>Capacidad de la cuba: 20 litros.<\/li>\n<li>Temperatura de lavado: 60\u00b0C.<\/li>\n<li>Temperatura de aclarado: 80\u00b0C.<\/li>\n<li>Altura del desag\u00fce al suelo: 5 cm.<\/li>\n<li>Potencia resistencia de la cuba: 2100W.<\/li>\n<li>Potencia resistencia del calder\u00edn:3000W.<\/li>\n<li>Dosificador electr\u00f3nico de abrillantador incluido.<\/li>\n<li>Equipado con bomba de desag\u00fce en modelo CH500B.<\/li>\n<\/ul>\n<p><strong>ACCESORIOS INCLUIDOS:<\/strong><\/p>\n<ul>\n<li>1 Cestos de vasos 50&#215;50 cm.<\/li>\n<li>1 Cesto de platos 50&#215;50 cm.<\/li>\n<li>1 Cesto de cubiertos.<\/li>\n<li>1 Tubo de carga.<\/li>\n<li>1 Tubo de desag\u00fce.<\/li>\n<\/ul>\n<p><strong>TECNOLOG\u00cdA BOMBA DOBLE SALIDA: <\/strong>Una bomba tradicional cuenta<br \/>\ncon una entrada (de la cuba) y una salida hacia los brazos de lavado, que son dos,<br \/>\npor lo cual se necesita una junta T o en Y. Nuestras investigaciones han comprobado<br \/>\nque un 25-30% de la potencia se pierde en esta zona. La soluci\u00f3n es simple;<br \/>\ndotamos nuestros lavavajillas de una bomba que cuenta con una entrada pero con<br \/>\n2 salidas sin ning\u00fan desviador en T. De este modo se elimina la p\u00e9rdida de potencia<br \/>\ny el ruido disminuye.<\/p>\n<p><strong>TECNOLOG\u00cdA EQUALIZER<\/strong>: Utilizar brazos id\u00e9nticos compromete las<br \/>\nprestaciones, por eso utilizamos en la parte inferior un brazo de acero con boquillas<br \/>\nsurtidoras de alta presi\u00f3n, mientras que en la parte superior se utiliza un brazo de<br \/>\nmaterial heterog\u00e9neo (resina acet\u00e1tica con talco y fibra), con boquillas de amplio<br \/>\ncaudal. As\u00ed se compensa la diferencia de potencia hidr\u00e1ulica que deriva de la mayo<br \/>\nlongitud del circuito, favoreciendo la rotacion v una distribuci\u00f3n uniforme<\/p>\n<p>&nbsp;<\/p>\n","protected":false},"excerpt":{"rendered":"<ul>\n<li>Modelo: CH500B<\/li>\n<li>Apertura puerta (mm): 325<\/li>\n<li>Altura vajilla (mm): 365<\/li>\n<li>Producci\u00f3n Cestas\/hora: 24 &#8211; 40<\/li>\n<li>Potencia (kW): 3,50<\/li>\n<li>Potencia bomba (kW): 0,47<\/li>\n<li>Tensi\u00f3n (V): 230<\/li>\n<li><strong>Precio SIN IVA: 1360\u20ac<\/strong><\/li>\n<\/ul>\n","protected":false},"featured_media":1743,"template":"","meta":[],"product_brand":[],"product_cat":[33],"product_tag":[],"class_list":{"0":"post-1744","1":"product","2":"type-product","3":"status-publish","4":"has-post-thumbnail","6":"product_cat-lavavajillas","8":"first","9":"instock","10":"taxable","11":"shipping-taxable","12":"purchasable","13":"product-type-simple"},"yoast_head":"<!-- This site is optimized with the Yoast SEO plugin v25.4 - https:\/\/yoast.com\/wordpress\/plugins\/seo\/ -->\n<title>Lavavasos industrial Cesta 50x50 CH500B - Col\u00f3n Montajes<\/title>\n<meta name=\"robots\" content=\"index, follow, max-snippet:-1, max-image-preview:large, max-video-preview:-1\" \/>\n<link rel=\"canonical\" href=\"https:\/\/www.colonmontajes.com\/index.php\/product\/lavavasos-industrial-cesta-50x50-ch500b\/\" \/>\n<meta property=\"og:locale\" content=\"es_ES\" \/>\n<meta property=\"og:type\" content=\"article\" \/>\n<meta property=\"og:title\" content=\"Lavavasos industrial Cesta 50x50 CH500B - Col\u00f3n Montajes\" \/>\n<meta property=\"og:description\" content=\"Modelo: CH500B  Apertura puerta (mm): 325  Altura vajilla (mm): 365  Producci\u00f3n Cestas\/hora: 24 - 40  Potencia (kW): 3,50  Potencia bomba (kW): 0,47  Tensi\u00f3n (V): 230  Precio SIN IVA: 1360\u20ac\" \/>\n<meta property=\"og:url\" content=\"https:\/\/www.colonmontajes.com\/index.php\/product\/lavavasos-industrial-cesta-50x50-ch500b\/\" \/>\n<meta property=\"og:site_name\" content=\"Col\u00f3n Montajes\" \/>\n<meta property=\"article:modified_time\" content=\"2024-05-17T10:42:55+00:00\" \/>\n<meta property=\"og:image\" content=\"https:\/\/www.colonmontajes.com\/wp-content\/uploads\/2024\/03\/Lavavajillas-2A.png\" \/>\n\t<meta property=\"og:image:width\" content=\"600\" \/>\n\t<meta property=\"og:image:height\" content=\"600\" \/>\n\t<meta property=\"og:image:type\" content=\"image\/png\" \/>\n<meta name=\"twitter:card\" content=\"summary_large_image\" \/>\n<meta name=\"twitter:label1\" content=\"Tiempo de lectura\" \/>\n\t<meta name=\"twitter:data1\" content=\"2 minutos\" \/>\n<script type=\"application\/ld+json\" class=\"yoast-schema-graph\">{\"@context\":\"https:\/\/schema.org\",\"@graph\":[{\"@type\":\"WebPage\",\"@id\":\"https:\/\/www.colonmontajes.com\/index.php\/product\/lavavasos-industrial-cesta-50x50-ch500b\/\",\"url\":\"https:\/\/www.colonmontajes.com\/index.php\/product\/lavavasos-industrial-cesta-50x50-ch500b\/\",\"name\":\"Lavavasos industrial Cesta 50x50 CH500B - Col\u00f3n Montajes\",\"isPartOf\":{\"@id\":\"https:\/\/www.colonmontajes.com\/#website\"},\"primaryImageOfPage\":{\"@id\":\"https:\/\/www.colonmontajes.com\/index.php\/product\/lavavasos-industrial-cesta-50x50-ch500b\/#primaryimage\"},\"image\":{\"@id\":\"https:\/\/www.colonmontajes.com\/index.php\/product\/lavavasos-industrial-cesta-50x50-ch500b\/#primaryimage\"},\"thumbnailUrl\":\"https:\/\/www.colonmontajes.com\/wp-content\/uploads\/2024\/03\/Lavavajillas-2A.png\",\"datePublished\":\"2024-03-12T11:37:33+00:00\",\"dateModified\":\"2024-05-17T10:42:55+00:00\",\"breadcrumb\":{\"@id\":\"https:\/\/www.colonmontajes.com\/index.php\/product\/lavavasos-industrial-cesta-50x50-ch500b\/#breadcrumb\"},\"inLanguage\":\"es\",\"potentialAction\":[{\"@type\":\"ReadAction\",\"target\":[\"https:\/\/www.colonmontajes.com\/index.php\/product\/lavavasos-industrial-cesta-50x50-ch500b\/\"]}]},{\"@type\":\"ImageObject\",\"inLanguage\":\"es\",\"@id\":\"https:\/\/www.colonmontajes.com\/index.php\/product\/lavavasos-industrial-cesta-50x50-ch500b\/#primaryimage\",\"url\":\"https:\/\/www.colonmontajes.com\/wp-content\/uploads\/2024\/03\/Lavavajillas-2A.png\",\"contentUrl\":\"https:\/\/www.colonmontajes.com\/wp-content\/uploads\/2024\/03\/Lavavajillas-2A.png\",\"width\":600,\"height\":600},{\"@type\":\"BreadcrumbList\",\"@id\":\"https:\/\/www.colonmontajes.com\/index.php\/product\/lavavasos-industrial-cesta-50x50-ch500b\/#breadcrumb\",\"itemListElement\":[{\"@type\":\"ListItem\",\"position\":1,\"name\":\"Portada\",\"item\":\"https:\/\/www.colonmontajes.com\/\"},{\"@type\":\"ListItem\",\"position\":2,\"name\":\"Tienda\",\"item\":\"https:\/\/www.colonmontajes.com\/index.php\/tienda\/\"},{\"@type\":\"ListItem\",\"position\":3,\"name\":\"Lavavasos industrial Cesta 50&#215;50 CH500B\"}]},{\"@type\":\"WebSite\",\"@id\":\"https:\/\/www.colonmontajes.com\/#website\",\"url\":\"https:\/\/www.colonmontajes.com\/\",\"name\":\"Col\u00f3n Montajes\",\"description\":\"Expertos en equipamiento de maquinaria de hosteler\u00eda\",\"potentialAction\":[{\"@type\":\"SearchAction\",\"target\":{\"@type\":\"EntryPoint\",\"urlTemplate\":\"https:\/\/www.colonmontajes.com\/?s={search_term_string}\"},\"query-input\":{\"@type\":\"PropertyValueSpecification\",\"valueRequired\":true,\"valueName\":\"search_term_string\"}}],\"inLanguage\":\"es\"}]}<\/script>\n<!-- \/ Yoast SEO plugin. -->","yoast_head_json":{"title":"Lavavasos industrial Cesta 50x50 CH500B - Col\u00f3n Montajes","robots":{"index":"index","follow":"follow","max-snippet":"max-snippet:-1","max-image-preview":"max-image-preview:large","max-video-preview":"max-video-preview:-1"},"canonical":"https:\/\/www.colonmontajes.com\/index.php\/product\/lavavasos-industrial-cesta-50x50-ch500b\/","og_locale":"es_ES","og_type":"article","og_title":"Lavavasos industrial Cesta 50x50 CH500B - Col\u00f3n Montajes","og_description":"Modelo: CH500B  Apertura puerta (mm): 325  Altura vajilla (mm): 365  Producci\u00f3n Cestas\/hora: 24 - 40  Potencia (kW): 3,50  Potencia bomba (kW): 0,47  Tensi\u00f3n (V): 230  Precio SIN IVA: 1360\u20ac","og_url":"https:\/\/www.colonmontajes.com\/index.php\/product\/lavavasos-industrial-cesta-50x50-ch500b\/","og_site_name":"Col\u00f3n Montajes","article_modified_time":"2024-05-17T10:42:55+00:00","og_image":[{"width":600,"height":600,"url":"https:\/\/www.colonmontajes.com\/wp-content\/uploads\/2024\/03\/Lavavajillas-2A.png","type":"image\/png"}],"twitter_card":"summary_large_image","twitter_misc":{"Tiempo de lectura":"2 minutos"},"schema":{"@context":"https:\/\/schema.org","@graph":[{"@type":"WebPage","@id":"https:\/\/www.colonmontajes.com\/index.php\/product\/lavavasos-industrial-cesta-50x50-ch500b\/","url":"https:\/\/www.colonmontajes.com\/index.php\/product\/lavavasos-industrial-cesta-50x50-ch500b\/","name":"Lavavasos industrial Cesta 50x50 CH500B - Col\u00f3n Montajes","isPartOf":{"@id":"https:\/\/www.colonmontajes.com\/#website"},"primaryImageOfPage":{"@id":"https:\/\/www.colonmontajes.com\/index.php\/product\/lavavasos-industrial-cesta-50x50-ch500b\/#primaryimage"},"image":{"@id":"https:\/\/www.colonmontajes.com\/index.php\/product\/lavavasos-industrial-cesta-50x50-ch500b\/#primaryimage"},"thumbnailUrl":"https:\/\/www.colonmontajes.com\/wp-content\/uploads\/2024\/03\/Lavavajillas-2A.png","datePublished":"2024-03-12T11:37:33+00:00","dateModified":"2024-05-17T10:42:55+00:00","breadcrumb":{"@id":"https:\/\/www.colonmontajes.com\/index.php\/product\/lavavasos-industrial-cesta-50x50-ch500b\/#breadcrumb"},"inLanguage":"es","potentialAction":[{"@type":"ReadAction","target":["https:\/\/www.colonmontajes.com\/index.php\/product\/lavavasos-industrial-cesta-50x50-ch500b\/"]}]},{"@type":"ImageObject","inLanguage":"es","@id":"https:\/\/www.colonmontajes.com\/index.php\/product\/lavavasos-industrial-cesta-50x50-ch500b\/#primaryimage","url":"https:\/\/www.colonmontajes.com\/wp-content\/uploads\/2024\/03\/Lavavajillas-2A.png","contentUrl":"https:\/\/www.colonmontajes.com\/wp-content\/uploads\/2024\/03\/Lavavajillas-2A.png","width":600,"height":600},{"@type":"BreadcrumbList","@id":"https:\/\/www.colonmontajes.com\/index.php\/product\/lavavasos-industrial-cesta-50x50-ch500b\/#breadcrumb","itemListElement":[{"@type":"ListItem","position":1,"name":"Portada","item":"https:\/\/www.colonmontajes.com\/"},{"@type":"ListItem","position":2,"name":"Tienda","item":"https:\/\/www.colonmontajes.com\/index.php\/tienda\/"},{"@type":"ListItem","position":3,"name":"Lavavasos industrial Cesta 50&#215;50 CH500B"}]},{"@type":"WebSite","@id":"https:\/\/www.colonmontajes.com\/#website","url":"https:\/\/www.colonmontajes.com\/","name":"Col\u00f3n Montajes","description":"Expertos en equipamiento de maquinaria de hosteler\u00eda","potentialAction":[{"@type":"SearchAction","target":{"@type":"EntryPoint","urlTemplate":"https:\/\/www.colonmontajes.com\/?s={search_term_string}"},"query-input":{"@type":"PropertyValueSpecification","valueRequired":true,"valueName":"search_term_string"}}],"inLanguage":"es"}]}},"_links":{"self":[{"href":"https:\/\/www.colonmontajes.com\/index.php\/wp-json\/wp\/v2\/product\/1744","targetHints":{"allow":["GET"]}}],"collection":[{"href":"https:\/\/www.colonmontajes.com\/index.php\/wp-json\/wp\/v2\/product"}],"about":[{"href":"https:\/\/www.colonmontajes.com\/index.php\/wp-json\/wp\/v2\/types\/product"}],"wp:featuredmedia":[{"embeddable":true,"href":"https:\/\/www.colonmontajes.com\/index.php\/wp-json\/wp\/v2\/media\/1743"}],"wp:attachment":[{"href":"https:\/\/www.colonmontajes.com\/index.php\/wp-json\/wp\/v2\/media?parent=1744"}],"wp:term":[{"taxonomy":"product_brand","embeddable":true,"href":"https:\/\/www.colonmontajes.com\/index.php\/wp-json\/wp\/v2\/product_brand?post=1744"},{"taxonomy":"product_cat","embeddable":true,"href":"https:\/\/www.colonmontajes.com\/index.php\/wp-json\/wp\/v2\/product_cat?post=1744"},{"taxonomy":"product_tag","embeddable":true,"href":"https:\/\/www.colonmontajes.com\/index.php\/wp-json\/wp\/v2\/product_tag?post=1744"}],"curies":[{"name":"wp","href":"https:\/\/api.w.org\/{rel}","templated":true}]}}